{"id":4074,"date":"2022-05-03T13:08:15","date_gmt":"2023-01-20T06:20:10","guid":{"rendered":"https:\/\/limetree.gt\/producto\/combo-alfabet-duo-pack\/"},"modified":"2023-01-20T00:20:10","modified_gmt":"2023-01-20T06:20:10","slug":"combo-alfabet-duo-pack","status":"publish","type":"product","link":"https:\/\/limetree.gt\/fr\/producto\/combo-alfabet-duo-pack\/","title":{"rendered":"Combo : Alfabet + Duo Pack"},"content":{"rendered":"<p>Ce combo comprend :<\/p>\n<p><a href=\"https:\/\/limetree.gt\/producto\/alfabet\/\">1 Alphabet<\/a><br \/>\nComprend :<strong> 27 pi\u00e8ces individuelles <em>(lettres avec guide de traits et agglom\u00e9r\u00e9),<\/em> 1 base, 1 moulure, 4 vis amovibles et 1 carte d&rsquo;animal <\/strong>.  <\/p>\n<p>+<\/p>\n<p><a href=\"https:\/\/limetree.gt\/producto\/duo-pack-tarjetas-para-alfabet\/\">1 paquet duo<\/a><br \/>\nComprend : <em>1 carte <strong>L\u00e9gumes\/Fruits<\/strong> et 1 carte <strong>Dinosaures <\/strong>pour Alfabet<\/em>.<\/p>\n<p>Mat\u00e9riaux : <em>Bois lamin\u00e9, acrylique, plastique et carton lamin\u00e9 <\/em>.<br \/>\nTaille : 38 x 39 x 1 cm.<\/p>\n","protected":false},"excerpt":{"rendered":"<p><strong>1 Alphabet<\/strong> + <strong>2 cartes suppl\u00e9mentaires<\/strong> (Duo Pack)<br \/>\n<em><br \/>\nDans la description, vous pouvez voir en d\u00e9tail ce que contient le combo. <\/em><\/p>\n","protected":false},"featured_media":3879,"comment_status":"open","ping_status":"closed","template":"","meta":[],"product_brand":[],"product_cat":[92],"product_tag":[151,149,148,158,144,146,159,155,153],"class_list":{"0":"post-4074","1":"product","2":"type-product","3":"status-publish","4":"has-post-thumbnail","6":"product_cat-3-ans","7":"product_tag-alphabet","8":"product_tag-des-lettres","9":"product_tag-ecrire","10":"product_tag-jouet","11":"product_tag-la-lecture-et-lecriture","12":"product_tag-lecture","13":"product_tag-mots","14":"product_tag-vocabulaire","15":"product_tag-voyelles","17":"first","18":"instock","19":"taxable","20":"shipping-taxable","21":"purchasable","22":"product-type-simple"},"jetpack_sharing_enabled":true,"_links":{"self":[{"href":"https:\/\/limetree.gt\/fr\/wp-json\/wp\/v2\/product\/4074","targetHints":{"allow":["GET"]}}],"collection":[{"href":"https:\/\/limetree.gt\/fr\/wp-json\/wp\/v2\/product"}],"about":[{"href":"https:\/\/limetree.gt\/fr\/wp-json\/wp\/v2\/types\/product"}],"replies":[{"embeddable":true,"href":"https:\/\/limetree.gt\/fr\/wp-json\/wp\/v2\/comments?post=4074"}],"wp:featuredmedia":[{"embeddable":true,"href":"https:\/\/limetree.gt\/fr\/wp-json\/wp\/v2\/media\/3879"}],"wp:attachment":[{"href":"https:\/\/limetree.gt\/fr\/wp-json\/wp\/v2\/media?parent=4074"}],"wp:term":[{"taxonomy":"product_brand","embeddable":true,"href":"https:\/\/limetree.gt\/fr\/wp-json\/wp\/v2\/product_brand?post=4074"},{"taxonomy":"product_cat","embeddable":true,"href":"https:\/\/limetree.gt\/fr\/wp-json\/wp\/v2\/product_cat?post=4074"},{"taxonomy":"product_tag","embeddable":true,"href":"https:\/\/limetree.gt\/fr\/wp-json\/wp\/v2\/product_tag?post=4074"}],"curies":[{"name":"wp","href":"https:\/\/api.w.org\/{rel}","templated":true}]}}