{"id":3653,"date":"2022-03-03T23:44:55","date_gmt":"2022-03-04T05:45:03","guid":{"rendered":"https:\/\/limetree.gt\/producto\/alphabet\/"},"modified":"2022-12-21T00:20:39","modified_gmt":"2022-12-21T06:20:39","slug":"alphabet","status":"publish","type":"product","link":"https:\/\/limetree.gt\/fr\/producto\/alphabet\/","title":{"rendered":"alphabet"},"content":{"rendered":"<p>Alphabet est un tableau pour aider les tout-petits \u00e0 associer la forme des lettres \u00e0 leur son dans la langue espagnole. Le jeu utilise une carte initiale qui peut \u00eatre \u00e9chang\u00e9e. Nous aurons plus de cartes disponibles tr\u00e8s bient\u00f4t!<\/p>\n<p>Comprend : <strong>27 pi\u00e8ces d\u00e9tach\u00e9es <em>(lettres avec guide trace et tilde),<\/em> 1 base, 1 moulure, 4 vis amovibles et 1 carte-lettre.<\/strong> <\/p>\n<p>Mat\u00e9riaux&nbsp;: <em>Bois lamin\u00e9, acrylique, plastique et papier lamin\u00e9.<\/em><br \/>\nTaille : 38 x 39 x 1 cm.<\/p>\n","protected":false},"excerpt":{"rendered":"<p>Tableau de lettres pour pratiquer les traits et les phon\u00e8mes (sons des lettres).<\/p>\n","protected":false},"featured_media":3633,"comment_status":"open","ping_status":"closed","template":"","meta":[],"product_brand":[],"product_cat":[92],"product_tag":[],"class_list":{"0":"post-3653","1":"product","2":"type-product","3":"status-publish","4":"has-post-thumbnail","6":"product_cat-3-ans","8":"first","9":"instock","10":"taxable","11":"shipping-taxable","12":"purchasable","13":"product-type-simple"},"jetpack_sharing_enabled":true,"_links":{"self":[{"href":"https:\/\/limetree.gt\/fr\/wp-json\/wp\/v2\/product\/3653","targetHints":{"allow":["GET"]}}],"collection":[{"href":"https:\/\/limetree.gt\/fr\/wp-json\/wp\/v2\/product"}],"about":[{"href":"https:\/\/limetree.gt\/fr\/wp-json\/wp\/v2\/types\/product"}],"replies":[{"embeddable":true,"href":"https:\/\/limetree.gt\/fr\/wp-json\/wp\/v2\/comments?post=3653"}],"wp:featuredmedia":[{"embeddable":true,"href":"https:\/\/limetree.gt\/fr\/wp-json\/wp\/v2\/media\/3633"}],"wp:attachment":[{"href":"https:\/\/limetree.gt\/fr\/wp-json\/wp\/v2\/media?parent=3653"}],"wp:term":[{"taxonomy":"product_brand","embeddable":true,"href":"https:\/\/limetree.gt\/fr\/wp-json\/wp\/v2\/product_brand?post=3653"},{"taxonomy":"product_cat","embeddable":true,"href":"https:\/\/limetree.gt\/fr\/wp-json\/wp\/v2\/product_cat?post=3653"},{"taxonomy":"product_tag","embeddable":true,"href":"https:\/\/limetree.gt\/fr\/wp-json\/wp\/v2\/product_tag?post=3653"}],"curies":[{"name":"wp","href":"https:\/\/api.w.org\/{rel}","templated":true}]}}