{"id":3602,"date":"2022-02-21T20:53:44","date_gmt":"2022-02-22T02:53:51","guid":{"rendered":"https:\/\/limetree.gt\/producto\/livre-demotions-lucas-se-sent-comme-ca\/"},"modified":"2022-03-10T22:53:15","modified_gmt":"2022-03-11T04:53:15","slug":"livre-des-emotions-lucas-ressent-ainsi","status":"publish","type":"product","link":"https:\/\/limetree.gt\/fr\/producto\/livre-des-emotions-lucas-ressent-ainsi\/","title":{"rendered":"Livre d&rsquo;\u00e9motions : Lucas se sent comme \u00e7a"},"content":{"rendered":"<p>Livre interactif pour lire et jouer avec les blocs <strong>MEM<\/strong> . Renforce la reconnaissance des \u00e9motions de base et favorise le bien-\u00eatre \u00e9motionnel tout en racontant l&rsquo;histoire de Lucas et ce qu&rsquo;il ressent en jouant avec maman.<\/p>\n<p><em>R\u00e9sum\u00e9 :<\/em> Lucas adore jouer avec maman. Mais que se passe-t-il quand maman arr\u00eate de jouer ? Accompagner Lucas pour en savoir plus sur les \u00e9motions que nous ressentons.<\/p>\n<p><em>10 pages (impression professionnelle) \u2013 Format lettre<br \/>\nCouverture arri\u00e8re et couverture avant avec finition brillante<\/em><\/p>\n","protected":false},"excerpt":{"rendered":"<p><strong>Livre<\/strong> interactif \u00e0 utiliser avec les blocs : <em>Lucas se sent comme \u00e7a<\/em><\/p>\n<p><em>N&rsquo;inclut pas les blocs. <strong>MEMS<\/strong> vendu s\u00e9par\u00e9ment. <\/em><\/p>\n","protected":false},"featured_media":3608,"comment_status":"open","ping_status":"closed","template":"","meta":[],"product_brand":[],"product_cat":[92],"product_tag":[],"class_list":{"0":"post-3602","1":"product","2":"type-product","3":"status-publish","4":"has-post-thumbnail","6":"product_cat-3-ans","8":"first","9":"outofstock","10":"taxable","11":"shipping-taxable","12":"purchasable","13":"product-type-simple"},"jetpack_sharing_enabled":true,"_links":{"self":[{"href":"https:\/\/limetree.gt\/fr\/wp-json\/wp\/v2\/product\/3602","targetHints":{"allow":["GET"]}}],"collection":[{"href":"https:\/\/limetree.gt\/fr\/wp-json\/wp\/v2\/product"}],"about":[{"href":"https:\/\/limetree.gt\/fr\/wp-json\/wp\/v2\/types\/product"}],"replies":[{"embeddable":true,"href":"https:\/\/limetree.gt\/fr\/wp-json\/wp\/v2\/comments?post=3602"}],"wp:featuredmedia":[{"embeddable":true,"href":"https:\/\/limetree.gt\/fr\/wp-json\/wp\/v2\/media\/3608"}],"wp:attachment":[{"href":"https:\/\/limetree.gt\/fr\/wp-json\/wp\/v2\/media?parent=3602"}],"wp:term":[{"taxonomy":"product_brand","embeddable":true,"href":"https:\/\/limetree.gt\/fr\/wp-json\/wp\/v2\/product_brand?post=3602"},{"taxonomy":"product_cat","embeddable":true,"href":"https:\/\/limetree.gt\/fr\/wp-json\/wp\/v2\/product_cat?post=3602"},{"taxonomy":"product_tag","embeddable":true,"href":"https:\/\/limetree.gt\/fr\/wp-json\/wp\/v2\/product_tag?post=3602"}],"curies":[{"name":"wp","href":"https:\/\/api.w.org\/{rel}","templated":true}]}}