{"id":3586,"date":"2022-02-21T20:03:52","date_gmt":"2022-02-22T02:04:00","guid":{"rendered":"https:\/\/limetree.gt\/producto\/combo-mem-et-livre\/"},"modified":"2022-12-21T00:20:48","modified_gmt":"2022-12-21T06:20:48","slug":"combo-mem-and-book","status":"publish","type":"product","link":"https:\/\/limetree.gt\/fr\/producto\/combo-mem-and-book\/","title":{"rendered":"Combo : MEM et livre"},"content":{"rendered":"<p>Ce combo vous inclut :<\/p>\n<p><strong>1 MEM<\/strong><br \/>\nJeu \u00e0 construire pour introduire et reconna\u00eetre les \u00e9motions que nous ressentons.<br \/>\n<em>Comprend 4 pi\u00e8ces et 1 base (avec un visage).<\/em><\/p>\n<p><strong>+<\/strong><\/p>\n<p><strong>1 Livre d&rsquo;\u00e9motions : <em>Lucas se sent comme \u00e7a<\/em><\/strong><br \/>\nLivre interactif pour lire et jouer avec les blocs MEM. Renforce la reconnaissance des \u00e9motions de base et favorise le bien-\u00eatre \u00e9motionnel tout en racontant l&rsquo;histoire de Lucas et ce qu&rsquo;il ressent en jouant avec maman.<br \/>\n<em>10 pages (impression professionnelle) &#8211; Format lettre<\/em><\/p>\n<p>&nbsp;<\/p>\n","protected":false},"excerpt":{"rendered":"<p><strong>1 MEM<\/strong> + <strong>1 livre interactif<\/strong> \u00e0 utiliser avec les blocs : <em>Lucas se sent comme \u00e7a<\/em><\/p>\n<p><em>Dans la description, vous pouvez voir en d\u00e9tail ce que contient le combo. <\/em><\/p>\n","protected":false},"featured_media":3605,"comment_status":"open","ping_status":"closed","template":"","meta":[],"product_brand":[],"product_cat":[92],"product_tag":[128,126,127,129],"class_list":{"0":"post-3586","1":"product","2":"type-product","3":"status-publish","4":"has-post-thumbnail","6":"product_cat-3-ans","7":"product_tag-bien-etre","8":"product_tag-emotions-fr","9":"product_tag-jouets","10":"product_tag-psychologie","12":"first","13":"instock","14":"taxable","15":"shipping-taxable","16":"purchasable","17":"product-type-variable"},"jetpack_sharing_enabled":true,"_links":{"self":[{"href":"https:\/\/limetree.gt\/fr\/wp-json\/wp\/v2\/product\/3586","targetHints":{"allow":["GET"]}}],"collection":[{"href":"https:\/\/limetree.gt\/fr\/wp-json\/wp\/v2\/product"}],"about":[{"href":"https:\/\/limetree.gt\/fr\/wp-json\/wp\/v2\/types\/product"}],"replies":[{"embeddable":true,"href":"https:\/\/limetree.gt\/fr\/wp-json\/wp\/v2\/comments?post=3586"}],"wp:featuredmedia":[{"embeddable":true,"href":"https:\/\/limetree.gt\/fr\/wp-json\/wp\/v2\/media\/3605"}],"wp:attachment":[{"href":"https:\/\/limetree.gt\/fr\/wp-json\/wp\/v2\/media?parent=3586"}],"wp:term":[{"taxonomy":"product_brand","embeddable":true,"href":"https:\/\/limetree.gt\/fr\/wp-json\/wp\/v2\/product_brand?post=3586"},{"taxonomy":"product_cat","embeddable":true,"href":"https:\/\/limetree.gt\/fr\/wp-json\/wp\/v2\/product_cat?post=3586"},{"taxonomy":"product_tag","embeddable":true,"href":"https:\/\/limetree.gt\/fr\/wp-json\/wp\/v2\/product_tag?post=3586"}],"curies":[{"name":"wp","href":"https:\/\/api.w.org\/{rel}","templated":true}]}}