{"id":3150,"date":"2020-08-21T15:08:35","date_gmt":"2021-12-14T18:51:55","guid":{"rendered":"https:\/\/limetree.gt\/producto\/lyricsbox\/"},"modified":"2022-12-21T00:20:50","modified_gmt":"2022-12-21T06:20:50","slug":"boite-aux-lettres","status":"publish","type":"product","link":"https:\/\/limetree.gt\/fr\/producto\/boite-aux-lettres\/","title":{"rendered":"bo\u00eete aux lettres"},"content":{"rendered":"<div class=\"page\" title=\"Page 8\">\n<div class=\"section\">\n<div class=\"layoutArea\">\n<div class=\"column\">\n<p>Ces 113 lettres initient les enfants \u00e0 l&rsquo;alphabet en version imprim\u00e9e ou lettre. Il leur donne tout ce dont ils ont besoin pour faire de la pratique de la lecture et de l&rsquo;\u00e9criture un voyage amusant. Avec de nombreuses possibilit\u00e9s dans son application, cet outil est non seulement indispensable pour introduire et renforcer la lecture-\u00e9criture, mais encourage \u00e9galement l&rsquo;extension du vocabulaire. Chaque fois que les enfants jouent, ils favorisent le d\u00e9veloppement de leurs comp\u00e9tences en communication par le biais du langage.<\/p>\n<\/div>\n<\/div>\n<\/div>\n<\/div>\n<p><strong>Des d\u00e9tails:<\/strong><\/p>\n<ul>\n<li>Bo\u00eete aux lettres avec couvercle en acrylique.<\/li>\n<li>Il comprend 1 bo\u00eete en bois avec un couvercle en acrylique, 113 lettres en bois (4 jeux de voyelles et 3 jeux de consonnes et 1 jeu de lettres majuscules) et 15 symboles (4 tildes, 4 points, 3 tildes, 2 dieses et 2 guillemets) .<\/li>\n<li>Favorise la lecture et l&rsquo;\u00e9criture et favorise le d\u00e9veloppement du langage.<\/li>\n<\/ul>\n<p><strong>Sp\u00e9cifications et extras :<\/strong><br \/>\nDimensions:<br \/>\n(Bo\u00eete) 22 x 28,5 x 6 cm.<br \/>\n(Voix) 5,5 x 5,5 cm.<br \/>\nMat\u00e9riaux : Bois lamin\u00e9, acrylique et coton.<\/p>\n","protected":false},"excerpt":{"rendered":"<p>Bo\u00eete aux lettres pour lire et \u00e9crire. Maintenant mis \u00e0 jour avec des majuscules! Disponible en lettre et moule sur demande.<\/p>\n<p><em>-N&rsquo;inclut pas le guide de tissu &#8211;<\/em><\/p>\n","protected":false},"featured_media":2983,"comment_status":"open","ping_status":"closed","template":"","meta":[],"product_brand":[],"product_cat":[92],"product_tag":[],"class_list":{"0":"post-3150","1":"product","2":"type-product","3":"status-publish","4":"has-post-thumbnail","6":"product_cat-3-ans","8":"first","9":"instock","10":"taxable","11":"shipping-taxable","12":"purchasable","13":"product-type-variable"},"jetpack_sharing_enabled":true,"_links":{"self":[{"href":"https:\/\/limetree.gt\/fr\/wp-json\/wp\/v2\/product\/3150","targetHints":{"allow":["GET"]}}],"collection":[{"href":"https:\/\/limetree.gt\/fr\/wp-json\/wp\/v2\/product"}],"about":[{"href":"https:\/\/limetree.gt\/fr\/wp-json\/wp\/v2\/types\/product"}],"replies":[{"embeddable":true,"href":"https:\/\/limetree.gt\/fr\/wp-json\/wp\/v2\/comments?post=3150"}],"wp:featuredmedia":[{"embeddable":true,"href":"https:\/\/limetree.gt\/fr\/wp-json\/wp\/v2\/media\/2983"}],"wp:attachment":[{"href":"https:\/\/limetree.gt\/fr\/wp-json\/wp\/v2\/media?parent=3150"}],"wp:term":[{"taxonomy":"product_brand","embeddable":true,"href":"https:\/\/limetree.gt\/fr\/wp-json\/wp\/v2\/product_brand?post=3150"},{"taxonomy":"product_cat","embeddable":true,"href":"https:\/\/limetree.gt\/fr\/wp-json\/wp\/v2\/product_cat?post=3150"},{"taxonomy":"product_tag","embeddable":true,"href":"https:\/\/limetree.gt\/fr\/wp-json\/wp\/v2\/product_tag?post=3150"}],"curies":[{"name":"wp","href":"https:\/\/api.w.org\/{rel}","templated":true}]}}