{"id":3148,"date":"2020-08-19T17:53:30","date_gmt":"2021-12-14T18:51:55","guid":{"rendered":"https:\/\/limetree.gt\/producto\/memorandums\/"},"modified":"2021-12-22T14:20:24","modified_gmt":"2021-12-22T20:20:24","slug":"memotones","status":"publish","type":"product","link":"https:\/\/limetree.gt\/fr\/producto\/memotones\/","title":{"rendered":"M\u00e9morandums"},"content":{"rendered":"<p align=\"justify\">Avec 12 morceaux de bois, ce jeu donne une tournure inattendue \u00e0 la m\u00e9moire traditionnelle. Construits pour une v\u00e9rification visuelle, les cubes par paires contiennent diff\u00e9rents objets qui \u00e9mettent des sons diff\u00e9rents lorsqu&rsquo;ils sont secou\u00e9s. Ce jeu initie les enfants aux concepts de base de la reconnaissance auditive tels que le volume (contr\u00f4l\u00e9 par l&rsquo;intensit\u00e9 avec laquelle ils d\u00e9placent le cube) et la hauteur (d\u00e9termin\u00e9 par le contenu du cube). Chaque fois que les enfants joueront, ils exerceront leur sensibilit\u00e9 auditive, augmenteront leur capacit\u00e9 \u00e0 appr\u00e9cier la musique et favoriseront la m\u00e9morisation sensorielle.<\/p>\n<p><strong>Des d\u00e9tails:<\/strong><\/p>\n<ul>\n<li>Ensemble de m\u00e9moire sonore avec v\u00e9rification visuelle.<\/li>\n<li>Comprend 12 cubes sonores (6 sons\/contenus diff\u00e9rents).<\/li>\n<li>Favorise l&rsquo;appr\u00e9ciation de la musique, encourage la pens\u00e9e logique et encourage la m\u00e9morisation.<\/li>\n<\/ul>\n<p><strong>Sp\u00e9cifications et extras :<\/strong><br \/>\n Dimensions : (Cubes) 4,5 x 4,5 x 4,5 cm.<br \/>\nMat\u00e9riaux : Bois lamin\u00e9, acrylique et autres mat\u00e9riaux.<\/p>\n","protected":false},"excerpt":{"rendered":"<ul>\n<li>Ensemble de m\u00e9moire sonore avec v\u00e9rification visuelle.<\/li>\n<\/ul>\n","protected":false},"featured_media":2701,"comment_status":"open","ping_status":"closed","template":"","meta":[],"product_brand":[],"product_cat":[92],"product_tag":[],"class_list":{"0":"post-3148","1":"product","2":"type-product","3":"status-publish","4":"has-post-thumbnail","6":"product_cat-3-ans","8":"first","9":"onbackorder","10":"taxable","11":"shipping-taxable","12":"purchasable","13":"product-type-variable"},"jetpack_sharing_enabled":true,"_links":{"self":[{"href":"https:\/\/limetree.gt\/fr\/wp-json\/wp\/v2\/product\/3148","targetHints":{"allow":["GET"]}}],"collection":[{"href":"https:\/\/limetree.gt\/fr\/wp-json\/wp\/v2\/product"}],"about":[{"href":"https:\/\/limetree.gt\/fr\/wp-json\/wp\/v2\/types\/product"}],"replies":[{"embeddable":true,"href":"https:\/\/limetree.gt\/fr\/wp-json\/wp\/v2\/comments?post=3148"}],"wp:featuredmedia":[{"embeddable":true,"href":"https:\/\/limetree.gt\/fr\/wp-json\/wp\/v2\/media\/2701"}],"wp:attachment":[{"href":"https:\/\/limetree.gt\/fr\/wp-json\/wp\/v2\/media?parent=3148"}],"wp:term":[{"taxonomy":"product_brand","embeddable":true,"href":"https:\/\/limetree.gt\/fr\/wp-json\/wp\/v2\/product_brand?post=3148"},{"taxonomy":"product_cat","embeddable":true,"href":"https:\/\/limetree.gt\/fr\/wp-json\/wp\/v2\/product_cat?post=3148"},{"taxonomy":"product_tag","embeddable":true,"href":"https:\/\/limetree.gt\/fr\/wp-json\/wp\/v2\/product_tag?post=3148"}],"curies":[{"name":"wp","href":"https:\/\/api.w.org\/{rel}","templated":true}]}}