{"id":3138,"date":"2021-06-15T11:39:32","date_gmt":"2021-12-14T18:51:54","guid":{"rendered":"https:\/\/limetree.gt\/producto\/astronomique\/"},"modified":"2022-12-21T00:20:42","modified_gmt":"2022-12-21T06:20:42","slug":"astronomique","status":"publish","type":"product","link":"https:\/\/limetree.gt\/fr\/producto\/astronomique\/","title":{"rendered":"Astronomique"},"content":{"rendered":"<p class=\"p1\">Avec 8 plan\u00e8tes ind\u00e9pendantes et un plateau d&rsquo;orbites, ce jeu initie les enfants \u00e0 l&rsquo;univers merveilleux. C&rsquo;est un jeu pour d\u00e9couvrir ce que l&rsquo;on ne peut clairement appr\u00e9cier : les corps c\u00e9lestes. Astronomic enseigne aux enfants \u00e0 conna\u00eetre notre syst\u00e8me solaire avec une approche simple, en plus de promouvoir leur motricit\u00e9 fine et d&rsquo;encourager la pens\u00e9e logique gr\u00e2ce \u00e0 la classification.<\/p>\n<p class=\"p1\"><strong>Des d\u00e9tails:<\/strong><\/p>\n<ul>\n<li>Jeu \u00e0 construire, compos\u00e9 d&rsquo;1 plateau et de 8 plan\u00e8tes.<\/li>\n<li>Comprend les 8 plan\u00e8tes du syst\u00e8me solaire (Mercure, V\u00e9nus, Terre, Mars, Jupiter, Saturne, Uranus, Neptune)<\/li>\n<li>Favorise l&rsquo;int\u00e9r\u00eat pour les corps c\u00e9lestes, favorise la motricit\u00e9 fine et encourage la pens\u00e9e logique.<\/li>\n<\/ul>\n<p class=\"p1\"><strong>Sp\u00e9cifications et extras :<\/strong><br \/>\n Dimensions:<br \/>\nPlanche : 39 x 59 x 0,8 cm<br \/>\nDiam\u00e8tre de Mercure (plus petite plan\u00e8te) : 2,5 cm<br \/>\nDiam\u00e8tre de Jupiter (la plus grande plan\u00e8te) : 9,8 cm<br \/>\nMat\u00e9riaux : Bois lamin\u00e9 et papier<\/p>\n","protected":false},"excerpt":{"rendered":"<p class=\"p1\">Jeu \u00e0 construire du syst\u00e8me solaire, compos\u00e9 d&rsquo;un plateau et de 8 plan\u00e8tes ind\u00e9pendantes.<\/p>\n","protected":false},"featured_media":2963,"comment_status":"open","ping_status":"closed","template":"","meta":[],"product_brand":[],"product_cat":[92],"product_tag":[],"class_list":{"0":"post-3138","1":"product","2":"type-product","3":"status-publish","4":"has-post-thumbnail","6":"product_cat-3-ans","8":"first","9":"instock","10":"taxable","11":"shipping-taxable","12":"purchasable","13":"product-type-simple"},"jetpack_sharing_enabled":true,"_links":{"self":[{"href":"https:\/\/limetree.gt\/fr\/wp-json\/wp\/v2\/product\/3138","targetHints":{"allow":["GET"]}}],"collection":[{"href":"https:\/\/limetree.gt\/fr\/wp-json\/wp\/v2\/product"}],"about":[{"href":"https:\/\/limetree.gt\/fr\/wp-json\/wp\/v2\/types\/product"}],"replies":[{"embeddable":true,"href":"https:\/\/limetree.gt\/fr\/wp-json\/wp\/v2\/comments?post=3138"}],"wp:featuredmedia":[{"embeddable":true,"href":"https:\/\/limetree.gt\/fr\/wp-json\/wp\/v2\/media\/2963"}],"wp:attachment":[{"href":"https:\/\/limetree.gt\/fr\/wp-json\/wp\/v2\/media?parent=3138"}],"wp:term":[{"taxonomy":"product_brand","embeddable":true,"href":"https:\/\/limetree.gt\/fr\/wp-json\/wp\/v2\/product_brand?post=3138"},{"taxonomy":"product_cat","embeddable":true,"href":"https:\/\/limetree.gt\/fr\/wp-json\/wp\/v2\/product_cat?post=3138"},{"taxonomy":"product_tag","embeddable":true,"href":"https:\/\/limetree.gt\/fr\/wp-json\/wp\/v2\/product_tag?post=3138"}],"curies":[{"name":"wp","href":"https:\/\/api.w.org\/{rel}","templated":true}]}}