{"id":3134,"date":"2020-12-01T14:11:30","date_gmt":"2021-12-14T18:51:54","guid":{"rendered":"https:\/\/limetree.gt\/producto\/nativite\/"},"modified":"2022-12-21T00:20:43","modified_gmt":"2022-12-21T06:20:43","slug":"nativite","status":"publish","type":"product","link":"https:\/\/limetree.gt\/fr\/producto\/nativite\/","title":{"rendered":"Nativit\u00e9"},"content":{"rendered":"<p>Avec 15 pi\u00e8ces en bois, ce magnifique puzzle fait allusion \u00e0 l&rsquo;\u00e9v\u00e9nement du premier No\u00ebl. Introduisant l&rsquo;enfant au r\u00e9cit de l&rsquo;histoire, chaque pi\u00e8ce correspond \u00e0 un personnage qui s&rsquo;int\u00e8gre parfaitement dans la sc\u00e8ne de cette nuit sp\u00e9ciale. Chaque fois que les enfants joueront, ils favoriseront leur pens\u00e9e analytique en associant des motifs et des formes, en favorisant la pratique de la coordination \u0153il-main lors de l&rsquo;ajustement des pi\u00e8ces et en favorisant leur vision spatiale lors de la reconnaissance et de la mise en relation de la sc\u00e8ne.<\/p>\n<p><strong>Des d\u00e9tails:<\/strong><\/p>\n<ul>\n<li>Puzzle de la cr\u00e8che.<\/li>\n<li>Comprend 15 pi\u00e8ces et 1 base (avec illustration lin\u00e9aire).<\/li>\n<li>Favorise la pens\u00e9e analytique et favorise le d\u00e9veloppement de la coordination \u0153il-main, de la vision spatiale et de la motricit\u00e9 fine.<\/li>\n<\/ul>\n<p><strong>Sp\u00e9cifications et extras :<\/strong><br \/>\nDimensions : 35 x 29 x 1,3 cm.<br \/>\nMat\u00e9riaux : Bois lamin\u00e9 et papier.<\/p>\n","protected":false},"excerpt":{"rendered":"<p>Puzzle de 15 pi\u00e8ces de la cr\u00e8che.<\/p>\n<p><em>Illustr\u00e9 par l&rsquo;artiste guat\u00e9malt\u00e8que<\/em> : <strong>Diana Peren<\/strong> ( <a href=\"https:\/\/www.instagram.com\/bow_studiogt\/\">@bow_studiogt<\/a> )<\/p>\n","protected":false},"featured_media":2837,"comment_status":"open","ping_status":"closed","template":"","meta":[],"product_brand":[],"product_cat":[92],"product_tag":[],"class_list":{"0":"post-3134","1":"product","2":"type-product","3":"status-publish","4":"has-post-thumbnail","6":"product_cat-3-ans","8":"first","9":"instock","10":"purchasable","11":"product-type-simple"},"jetpack_sharing_enabled":true,"_links":{"self":[{"href":"https:\/\/limetree.gt\/fr\/wp-json\/wp\/v2\/product\/3134","targetHints":{"allow":["GET"]}}],"collection":[{"href":"https:\/\/limetree.gt\/fr\/wp-json\/wp\/v2\/product"}],"about":[{"href":"https:\/\/limetree.gt\/fr\/wp-json\/wp\/v2\/types\/product"}],"replies":[{"embeddable":true,"href":"https:\/\/limetree.gt\/fr\/wp-json\/wp\/v2\/comments?post=3134"}],"wp:featuredmedia":[{"embeddable":true,"href":"https:\/\/limetree.gt\/fr\/wp-json\/wp\/v2\/media\/2837"}],"wp:attachment":[{"href":"https:\/\/limetree.gt\/fr\/wp-json\/wp\/v2\/media?parent=3134"}],"wp:term":[{"taxonomy":"product_brand","embeddable":true,"href":"https:\/\/limetree.gt\/fr\/wp-json\/wp\/v2\/product_brand?post=3134"},{"taxonomy":"product_cat","embeddable":true,"href":"https:\/\/limetree.gt\/fr\/wp-json\/wp\/v2\/product_cat?post=3134"},{"taxonomy":"product_tag","embeddable":true,"href":"https:\/\/limetree.gt\/fr\/wp-json\/wp\/v2\/product_tag?post=3134"}],"curies":[{"name":"wp","href":"https:\/\/api.w.org\/{rel}","templated":true}]}}