{"id":3127,"date":"2020-08-19T19:09:23","date_gmt":"2021-12-14T18:51:53","guid":{"rendered":"https:\/\/limetree.gt\/producto\/anatomique\/"},"modified":"2022-12-21T00:20:50","modified_gmt":"2022-12-21T06:20:50","slug":"anatomique","status":"publish","type":"product","link":"https:\/\/limetree.gt\/fr\/producto\/anatomique\/","title":{"rendered":"Anatomique"},"content":{"rendered":"<p align=\"justify\">Avec 19 pi\u00e8ces en bois lamell\u00e9 (dont 4 syst\u00e8mes, 1 base, 1 couvercle, 2 loquets et 11 organes et os), cet ensemble initie les enfants au merveilleux fonctionnement du corps humain et de ses syst\u00e8mes complexes. Avec une approche simple, ce jeu apprend aux enfants \u00e0 reconna\u00eetre et \u00e0 associer des parties du corps qu&rsquo;ils ne peuvent pas voir avec une fonction qu&rsquo;ils exp\u00e9rimentent au quotidien. Chaque fois que les enfants jouent, en plus d&rsquo;accro\u00eetre leur connaissance du fonctionnement naturel et leur appr\u00e9ciation de leur propre corps, les enfants d\u00e9velopperont leur motricit\u00e9 fine.<\/p>\n<p><strong>Des d\u00e9tails:<\/strong><\/p>\n<ul>\n<li>Jeu \u00e0 construire, compos\u00e9 de 4 syst\u00e8mes du corps humain.<\/li>\n<li>Il comprend 4 syst\u00e8mes (digestif, respiratoire, circulatoire et osseux), 1 base, 1 couverture (gar\u00e7on ou fille), 2 assurances et 11 organes et os.<\/li>\n<li>Il favorise l&rsquo;appr\u00e9ciation du corps humain, encourage le raisonnement et exerce la motricit\u00e9 fine.<\/li>\n<\/ul>\n<p><strong>Sp\u00e9cifications et extras :<\/strong><strong> <\/strong><\/p>\n<p>Dimensions : 16,5&#215;38,5&#215;3 cm.<br \/>\nMat\u00e9riaux : Bois lamin\u00e9 et acrylique.<\/p>\n<p><strong> ** COMPREND DES PI\u00c8CES D\u00c9LICATES **<\/strong><\/p>\n","protected":false},"excerpt":{"rendered":"<p>Jeu \u00e0 construire, compos\u00e9 de 4 syst\u00e8mes du corps humain.<\/p>\n","protected":false},"featured_media":3645,"comment_status":"open","ping_status":"closed","template":"","meta":[],"product_brand":[],"product_cat":[102],"product_tag":[],"class_list":{"0":"post-3127","1":"product","2":"type-product","3":"status-publish","4":"has-post-thumbnail","6":"product_cat-5-ans","8":"first","9":"instock","10":"taxable","11":"shipping-taxable","12":"purchasable","13":"product-type-variable"},"jetpack_sharing_enabled":true,"_links":{"self":[{"href":"https:\/\/limetree.gt\/fr\/wp-json\/wp\/v2\/product\/3127","targetHints":{"allow":["GET"]}}],"collection":[{"href":"https:\/\/limetree.gt\/fr\/wp-json\/wp\/v2\/product"}],"about":[{"href":"https:\/\/limetree.gt\/fr\/wp-json\/wp\/v2\/types\/product"}],"replies":[{"embeddable":true,"href":"https:\/\/limetree.gt\/fr\/wp-json\/wp\/v2\/comments?post=3127"}],"wp:featuredmedia":[{"embeddable":true,"href":"https:\/\/limetree.gt\/fr\/wp-json\/wp\/v2\/media\/3645"}],"wp:attachment":[{"href":"https:\/\/limetree.gt\/fr\/wp-json\/wp\/v2\/media?parent=3127"}],"wp:term":[{"taxonomy":"product_brand","embeddable":true,"href":"https:\/\/limetree.gt\/fr\/wp-json\/wp\/v2\/product_brand?post=3127"},{"taxonomy":"product_cat","embeddable":true,"href":"https:\/\/limetree.gt\/fr\/wp-json\/wp\/v2\/product_cat?post=3127"},{"taxonomy":"product_tag","embeddable":true,"href":"https:\/\/limetree.gt\/fr\/wp-json\/wp\/v2\/product_tag?post=3127"}],"curies":[{"name":"wp","href":"https:\/\/api.w.org\/{rel}","templated":true}]}}