{"id":3124,"date":"2020-08-21T17:27:30","date_gmt":"2021-12-14T18:51:53","guid":{"rendered":"https:\/\/limetree.gt\/producto\/num-labo\/"},"modified":"2022-12-21T00:20:44","modified_gmt":"2022-12-21T06:20:44","slug":"nombre","status":"publish","type":"product","link":"https:\/\/limetree.gt\/fr\/producto\/nombre\/","title":{"rendered":"Num labo"},"content":{"rendered":"<p align=\"justify\">Avec un tableau et un stylo magn\u00e9tique, ce laboratoire de chiffres est un jeu amusant pour apprendre \u00e0 compter en faisant. Il fonctionne de mani\u00e8re tr\u00e8s similaire \u00e0 un boulier traditionnel, introduisant des concepts num\u00e9riques et des op\u00e9rations de calcul simples (addition et soustraction). De mani\u00e8re ludique et avec un apprentissage actif, les enfants pourront mobiliser les mol\u00e9cules \u00e0 travers les pipettes pour visualiser le concept num\u00e9rique refl\u00e9t\u00e9 dans l&rsquo;op\u00e9ration \u00e9crite au tableau (en bas). Le tableau incorpore des mol\u00e9cules bleues pour indiquer les dizaines et des mol\u00e9cules jaunes pour les centaines, en plus des neutres qui restent des unit\u00e9s. Chaque fois que les enfants joueront, ils exerceront leur raisonnement num\u00e9rique, favoriseront leur pens\u00e9e analytique lors de la r\u00e9solution de probl\u00e8mes et exerceront leur motricit\u00e9 dans l&rsquo;utilisation correcte du crayon magn\u00e9tique.<\/p>\n<p><strong>Des d\u00e9tails:<\/strong><\/p>\n<ul>\n<li>Jeu magn\u00e9tique pour apprendre \u00e0 compter et r\u00e9soudre des op\u00e9rations de base.<\/li>\n<li>Comprend 1 tableau (30 mol\u00e9cules), 1 crayon magn\u00e9tique et 1 marqueur pour tableau blanc.<\/li>\n<li>Favorise le raisonnement num\u00e9rique et la pens\u00e9e analytique favorisant la motricit\u00e9 fine.<\/li>\n<\/ul>\n<p><strong>Sp\u00e9cifications et extras :<\/strong><br \/>\n Dimensions : (Panneau) 25,5 x 25,5 x 2,5 cm.<br \/>\nMat\u00e9riaux : Bois lamin\u00e9, acrylique et acier aimant\u00e9.<\/p>\n","protected":false},"excerpt":{"rendered":"<p>Jeu magn\u00e9tique pour apprendre \u00e0 compter et r\u00e9soudre des op\u00e9rations de base.<\/p>\n","protected":false},"featured_media":3698,"comment_status":"open","ping_status":"closed","template":"","meta":[],"product_brand":[],"product_cat":[102],"product_tag":[],"class_list":{"0":"post-3124","1":"product","2":"type-product","3":"status-publish","4":"has-post-thumbnail","6":"product_cat-5-ans","8":"first","9":"instock","10":"taxable","11":"shipping-taxable","12":"purchasable","13":"product-type-simple"},"jetpack_sharing_enabled":true,"_links":{"self":[{"href":"https:\/\/limetree.gt\/fr\/wp-json\/wp\/v2\/product\/3124","targetHints":{"allow":["GET"]}}],"collection":[{"href":"https:\/\/limetree.gt\/fr\/wp-json\/wp\/v2\/product"}],"about":[{"href":"https:\/\/limetree.gt\/fr\/wp-json\/wp\/v2\/types\/product"}],"replies":[{"embeddable":true,"href":"https:\/\/limetree.gt\/fr\/wp-json\/wp\/v2\/comments?post=3124"}],"wp:featuredmedia":[{"embeddable":true,"href":"https:\/\/limetree.gt\/fr\/wp-json\/wp\/v2\/media\/3698"}],"wp:attachment":[{"href":"https:\/\/limetree.gt\/fr\/wp-json\/wp\/v2\/media?parent=3124"}],"wp:term":[{"taxonomy":"product_brand","embeddable":true,"href":"https:\/\/limetree.gt\/fr\/wp-json\/wp\/v2\/product_brand?post=3124"},{"taxonomy":"product_cat","embeddable":true,"href":"https:\/\/limetree.gt\/fr\/wp-json\/wp\/v2\/product_cat?post=3124"},{"taxonomy":"product_tag","embeddable":true,"href":"https:\/\/limetree.gt\/fr\/wp-json\/wp\/v2\/product_tag?post=3124"}],"curies":[{"name":"wp","href":"https:\/\/api.w.org\/{rel}","templated":true}]}}