{"id":3102,"date":"2020-08-13T14:33:09","date_gmt":"2021-12-14T18:51:51","guid":{"rendered":"https:\/\/limetree.gt\/producto\/mem\/"},"modified":"2022-12-21T00:20:51","modified_gmt":"2022-12-21T06:20:51","slug":"mem","status":"publish","type":"product","link":"https:\/\/limetree.gt\/fr\/producto\/mem\/","title":{"rendered":"Mem"},"content":{"rendered":"<p align=\"justify\">Avec des visages amusants \u00e0 construire, ce jeu est un outil pour apprendre aux enfants \u00e0 identifier diff\u00e9rentes \u00e9motions et \u00e0 reconna\u00eetre leur humeur pendant la journ\u00e9e. Selon la m\u00e9thodologie RULER, ce jeu amusant cherche \u00e0 faire en sorte que les enfants puissent identifier leurs comportements \u00e9motionnels pour favoriser de meilleures r\u00e9actions et relations sociales. Parce que les \u00e9motions font partie de la vie, apprendre \u00e0 les percevoir et \u00e0 les exprimer est essentiel ! Chaque fois que les enfants jouent, ils favoriseront non seulement la gestion des sentiments, mais ils d\u00e9velopperont \u00e9galement la motricit\u00e9 fine, la r\u00e9solution de probl\u00e8mes et la coordination \u0153il-main.<\/p>\n<p><strong>Des d\u00e9tails:<\/strong><\/p>\n<ul>\n<li>Jeu \u00e0 construire pour mesurer l&rsquo;\u00e9tat \u00e9motionnel.<\/li>\n<li>Comprend 4 pi\u00e8ces et 1 base (avec un visage).<\/li>\n<li>Il favorise l&rsquo;affectivit\u00e9 et d\u00e9veloppe la coordination \u0153il-main, la vision spatiale et la motricit\u00e9 fine.<\/li>\n<li>Code des \u00e9motions selon la m\u00e9thode RULER.<\/li>\n<\/ul>\n<p><strong>Sp\u00e9cifications et extras :<\/strong><br \/>\n Dimensions : 17x17x17 cm.<br \/>\nMat\u00e9riaux : Pin, bois lamell\u00e9 et papier.<\/p>\n","protected":false},"excerpt":{"rendered":"<p><span lang=\"ES\">Outil assemblable pour mesurer l&rsquo;\u00e9tat \u00e9motionnel. Am\u00e9lior\u00e9 selon la m\u00e9thodologie RULER code \/ \u00e9motions !<\/span><\/p>\n","protected":false},"featured_media":2703,"comment_status":"open","ping_status":"closed","template":"","meta":[],"product_brand":[],"product_cat":[92],"product_tag":[],"class_list":{"0":"post-3102","1":"product","2":"type-product","3":"status-publish","4":"has-post-thumbnail","6":"product_cat-3-ans","8":"first","9":"instock","10":"taxable","11":"shipping-taxable","12":"purchasable","13":"product-type-variable"},"jetpack_sharing_enabled":true,"_links":{"self":[{"href":"https:\/\/limetree.gt\/fr\/wp-json\/wp\/v2\/product\/3102","targetHints":{"allow":["GET"]}}],"collection":[{"href":"https:\/\/limetree.gt\/fr\/wp-json\/wp\/v2\/product"}],"about":[{"href":"https:\/\/limetree.gt\/fr\/wp-json\/wp\/v2\/types\/product"}],"replies":[{"embeddable":true,"href":"https:\/\/limetree.gt\/fr\/wp-json\/wp\/v2\/comments?post=3102"}],"wp:featuredmedia":[{"embeddable":true,"href":"https:\/\/limetree.gt\/fr\/wp-json\/wp\/v2\/media\/2703"}],"wp:attachment":[{"href":"https:\/\/limetree.gt\/fr\/wp-json\/wp\/v2\/media?parent=3102"}],"wp:term":[{"taxonomy":"product_brand","embeddable":true,"href":"https:\/\/limetree.gt\/fr\/wp-json\/wp\/v2\/product_brand?post=3102"},{"taxonomy":"product_cat","embeddable":true,"href":"https:\/\/limetree.gt\/fr\/wp-json\/wp\/v2\/product_cat?post=3102"},{"taxonomy":"product_tag","embeddable":true,"href":"https:\/\/limetree.gt\/fr\/wp-json\/wp\/v2\/product_tag?post=3102"}],"curies":[{"name":"wp","href":"https:\/\/api.w.org\/{rel}","templated":true}]}}