{"id":3097,"date":"2021-06-22T14:28:39","date_gmt":"2021-12-14T18:51:51","guid":{"rendered":"https:\/\/limetree.gt\/producto\/couche-supplementaire-anatomique\/"},"modified":"2022-12-21T00:20:49","modified_gmt":"2022-12-21T06:20:49","slug":"couche-anatomique-additionnelle","status":"publish","type":"product","link":"https:\/\/limetree.gt\/fr\/producto\/couche-anatomique-additionnelle\/","title":{"rendered":"Couche suppl\u00e9mentaire &#8211; Anatomique"},"content":{"rendered":"<p>Vous n&rsquo;arrivez pas \u00e0 d\u00e9cider d&rsquo;acheter la version gar\u00e7on ou fille d&rsquo;Anatomic ? La seule diff\u00e9rence r\u00e9side dans la premi\u00e8re couche (peau) et vous pouvez maintenant l&rsquo;acheter s\u00e9par\u00e9ment.<\/p>\n<p><strong>Des d\u00e9tails:<\/strong><\/p>\n<ul>\n<li>Comprend 1 cape (peau) selon la version choisie (fille ou gar\u00e7on)<br \/>\nGrav\u00e9 directement sur bois lamell\u00e9.<\/li>\n<\/ul>\n<p><strong>Sp\u00e9cifications et extras :<\/strong><strong> <\/strong><\/p>\n<p>Dimensions : 16,5 \u00d7 38,5 \u00d7 3 cm.<br \/>\nMat\u00e9riaux : Bois lamin\u00e9 et acrylique.<\/p>\n","protected":false},"excerpt":{"rendered":"<p>Couche anatomique : Fourrure. (Vendu s\u00e9par\u00e9ment)<\/p>\n<p>&nbsp;<\/p>\n","protected":false},"featured_media":2977,"comment_status":"open","ping_status":"closed","template":"","meta":[],"product_brand":[],"product_cat":[102],"product_tag":[],"class_list":{"0":"post-3097","1":"product","2":"type-product","3":"status-publish","4":"has-post-thumbnail","6":"product_cat-5-ans","8":"first","9":"instock","10":"taxable","11":"shipping-taxable","12":"purchasable","13":"product-type-variable"},"jetpack_sharing_enabled":true,"_links":{"self":[{"href":"https:\/\/limetree.gt\/fr\/wp-json\/wp\/v2\/product\/3097","targetHints":{"allow":["GET"]}}],"collection":[{"href":"https:\/\/limetree.gt\/fr\/wp-json\/wp\/v2\/product"}],"about":[{"href":"https:\/\/limetree.gt\/fr\/wp-json\/wp\/v2\/types\/product"}],"replies":[{"embeddable":true,"href":"https:\/\/limetree.gt\/fr\/wp-json\/wp\/v2\/comments?post=3097"}],"wp:featuredmedia":[{"embeddable":true,"href":"https:\/\/limetree.gt\/fr\/wp-json\/wp\/v2\/media\/2977"}],"wp:attachment":[{"href":"https:\/\/limetree.gt\/fr\/wp-json\/wp\/v2\/media?parent=3097"}],"wp:term":[{"taxonomy":"product_brand","embeddable":true,"href":"https:\/\/limetree.gt\/fr\/wp-json\/wp\/v2\/product_brand?post=3097"},{"taxonomy":"product_cat","embeddable":true,"href":"https:\/\/limetree.gt\/fr\/wp-json\/wp\/v2\/product_cat?post=3097"},{"taxonomy":"product_tag","embeddable":true,"href":"https:\/\/limetree.gt\/fr\/wp-json\/wp\/v2\/product_tag?post=3097"}],"curies":[{"name":"wp","href":"https:\/\/api.w.org\/{rel}","templated":true}]}}