{"id":3591,"date":"2022-02-21T20:10:57","date_gmt":"2022-02-22T02:10:57","guid":{"rendered":"https:\/\/limetree.gt\/telechargement-gratuit-livre-des-emotions\/"},"modified":"2022-02-21T21:29:57","modified_gmt":"2022-02-22T03:29:57","slug":"telechargement-gratuit-livre-des-emotions","status":"publish","type":"page","link":"https:\/\/limetree.gt\/fr\/telechargement-gratuit-livre-des-emotions\/","title":{"rendered":"T\u00e9l\u00e9chargement gratuit : Livre des \u00e9motions"},"content":{"rendered":"\n<figure class=\"wp-block-image size-large\"><img loading=\"lazy\" decoding=\"async\" width=\"1024\" height=\"768\" src=\"https:\/\/limetree.gt\/wp-content\/uploads\/2022\/02\/IMG_4388-1024x768.jpg\" alt=\"\" class=\"wp-image-3567\" srcset=\"https:\/\/limetree.gt\/wp-content\/uploads\/2022\/02\/IMG_4388-1024x768.jpg 1024w, https:\/\/limetree.gt\/wp-content\/uploads\/2022\/02\/IMG_4388-300x225.jpg 300w, https:\/\/limetree.gt\/wp-content\/uploads\/2022\/02\/IMG_4388-768x576.jpg 768w, https:\/\/limetree.gt\/wp-content\/uploads\/2022\/02\/IMG_4388-1536x1152.jpg 1536w, https:\/\/limetree.gt\/wp-content\/uploads\/2022\/02\/IMG_4388-2048x1536.jpg 2048w, https:\/\/limetree.gt\/wp-content\/uploads\/2022\/02\/IMG_4388-600x450.jpg 600w\" sizes=\"auto, (max-width: 1024px) 100vw, 1024px\" \/><\/figure>\n<p class=\"has-medium-font-size\"><strong>Merci de visiter! <\/strong>Nous avons con\u00e7u ce petit livre pour que vous puissiez apprendre avec votre bout de chou les \u00e9motions que nous ressentons. Suivez-nous sur nos r\u00e9seaux pour plus d&rsquo;activit\u00e9s!<\/p>\n\n<p class=\"has-large-font-size\">T\u00e9l\u00e9charger le livre : <strong>Lucas se sent comme \u00e7a<\/strong><\/p>\n\n<div data-wp-interactive=\"core\/file\" class=\"wp-block-file\"><object data-wp-bind--hidden=\"!state.hasPdfPreview\" hidden class=\"wp-block-file__embed\" data=\"https:\/\/limetree.gt\/wp-content\/uploads\/2022\/02\/Descargable_Libro_de_emociones.pdf\" type=\"application\/pdf\" style=\"width:100%;height:600px\" aria-label=\"Contenu embarqu\u00e9 Incrustado de Descargable_Libro_de_emociones..\"><\/object><a id=\"wp-block-file--media-a9990b54-9eb4-4520-ac37-ba88028a2f31\" href=\"https:\/\/limetree.gt\/wp-content\/uploads\/2022\/02\/Descargable_Libro_de_emociones.pdf\">T\u00e9l\u00e9chargeable_Book_of_emotions<\/a><a href=\"https:\/\/limetree.gt\/wp-content\/uploads\/2022\/02\/Descargable_Libro_de_emociones.pdf\" class=\"wp-block-file__button\" download=\"\" aria-describedby=\"wp-block-file--media-a9990b54-9eb4-4520-ac37-ba88028a2f31\">T\u00e9l\u00e9charger<\/a><\/div>\n\n<p class=\"has-medium-font-size\">N&rsquo;oubliez pas que vous pouvez utiliser notre t\u00e9l\u00e9chargeable <em>avec ou sans<\/em> notre <a href=\"https:\/\/limetree.gt\/fr\/producto\/mem\/\" target=\"_blank\" rel=\"noreferrer noopener\"><strong>MEM <em>(Mais c&rsquo;est beaucoup plus amusant avec<\/em> \ud83d\ude09 <em>)<\/em> Apprenez \u00e0 le conna\u00eetre ici !<\/strong><\/a><\/p>\n<div data-block-name=\"woocommerce\/featured-product\" data-edit-mode=\"false\" data-product-id=\"3584\" class=\"wc-block-featured-product alignnone has-background-dim wp-block-woocommerce-featured-product\" style=\"min-height:500px;\"><div class=\"wc-block-featured-product__wrapper\"><div class=\"background-dim__overlay\" style=\"background-color: #000000\"><\/div><img decoding=\"async\" alt=\"Combo: MEM y Libro\" class=\"wc-block-featured-product__background-image\" src=\"https:\/\/limetree.gt\/wp-content\/uploads\/2022\/02\/Combo1-1.jpg\" style=\"object-fit: none;object-position: 50% 50%;\" \/><h2 class=\"wc-block-featured-product__title\">Combo: MEM y Libro<\/h2><div class=\"wc-block-featured-product__description\"><p><strong>1 MEM<\/strong> + <strong>1 Libro <\/strong>interactivo para utilizar con los bloques: <em>Lucas se siente as\u00ed<\/em><\/p>\n<p><em>En la descripci\u00f3n puedes ver en detalle lo que contiene el combo.\u00a0<\/em><\/p>\n<\/div><div class=\"wc-block-featured-product__price\"><span class=\"woocommerce-Price-amount amount\"><span class=\"woocommerce-Price-currencySymbol\">Q<\/span>340.00<\/span><\/div><div class=\"wc-block-featured-product__inner-blocks\">\n\n<div class=\"wp-block-button aligncenter\"><a class=\"wp-block-button__link\" href=\"https:\/\/limetree.gt\/fr\/producto\/combo-mem-and-book\/\">Acheter maintenant<\/a><\/div>\n\n<\/div><\/div><\/div>","protected":false},"excerpt":{"rendered":"<p>Merci de visiter! Nous avons con\u00e7u ce petit livre pour que vous puissiez apprendre avec votre bout de chou les \u00e9motions que nous ressentons. Suivez-nous sur nos r\u00e9seaux pour plus d&rsquo;activit\u00e9s! T\u00e9l\u00e9charger le livre : Lucas se sent comme \u00e7a N&rsquo;oubliez pas que vous pouvez utiliser notre t\u00e9l\u00e9chargeable avec ou sans notre MEM (Mais c&rsquo;est [&hellip;]<\/p>\n","protected":false},"author":1,"featured_media":3567,"parent":0,"menu_order":0,"comment_status":"closed","ping_status":"closed","template":"","meta":{"footnotes":""},"class_list":["post-3591","page","type-page","status-publish","has-post-thumbnail","hentry"],"jetpack_sharing_enabled":true,"_links":{"self":[{"href":"https:\/\/limetree.gt\/fr\/wp-json\/wp\/v2\/pages\/3591","targetHints":{"allow":["GET"]}}],"collection":[{"href":"https:\/\/limetree.gt\/fr\/wp-json\/wp\/v2\/pages"}],"about":[{"href":"https:\/\/limetree.gt\/fr\/wp-json\/wp\/v2\/types\/page"}],"author":[{"embeddable":true,"href":"https:\/\/limetree.gt\/fr\/wp-json\/wp\/v2\/users\/1"}],"replies":[{"embeddable":true,"href":"https:\/\/limetree.gt\/fr\/wp-json\/wp\/v2\/comments?post=3591"}],"version-history":[{"count":4,"href":"https:\/\/limetree.gt\/fr\/wp-json\/wp\/v2\/pages\/3591\/revisions"}],"predecessor-version":[{"id":3617,"href":"https:\/\/limetree.gt\/fr\/wp-json\/wp\/v2\/pages\/3591\/revisions\/3617"}],"wp:featuredmedia":[{"embeddable":true,"href":"https:\/\/limetree.gt\/fr\/wp-json\/wp\/v2\/media\/3567"}],"wp:attachment":[{"href":"https:\/\/limetree.gt\/fr\/wp-json\/wp\/v2\/media?parent=3591"}],"curies":[{"name":"wp","href":"https:\/\/api.w.org\/{rel}","templated":true}]}}