{"id":3544,"date":"2022-02-11T11:07:54","date_gmt":"2022-02-11T17:07:54","guid":{"rendered":"https:\/\/limetree.gt\/telechargement-gratuit-sons-et-traces\/"},"modified":"2022-02-11T11:20:41","modified_gmt":"2022-02-11T17:20:41","slug":"telechargement-gratuit-sons-et-traces","status":"publish","type":"page","link":"https:\/\/limetree.gt\/fr\/telechargement-gratuit-sons-et-traces\/","title":{"rendered":"T\u00e9l\u00e9chargement gratuit : Sons et Traces"},"content":{"rendered":"\n<figure class=\"wp-block-image size-large\"><img loading=\"lazy\" decoding=\"async\" width=\"1024\" height=\"768\" src=\"https:\/\/limetree.gt\/wp-content\/uploads\/2022\/02\/IMG_4229-1024x768.jpg\" alt=\"\" class=\"wp-image-3536\" srcset=\"https:\/\/limetree.gt\/wp-content\/uploads\/2022\/02\/IMG_4229-1024x768.jpg 1024w, https:\/\/limetree.gt\/wp-content\/uploads\/2022\/02\/IMG_4229-300x225.jpg 300w, https:\/\/limetree.gt\/wp-content\/uploads\/2022\/02\/IMG_4229-768x576.jpg 768w, https:\/\/limetree.gt\/wp-content\/uploads\/2022\/02\/IMG_4229-1536x1152.jpg 1536w, https:\/\/limetree.gt\/wp-content\/uploads\/2022\/02\/IMG_4229-2048x1536.jpg 2048w, https:\/\/limetree.gt\/wp-content\/uploads\/2022\/02\/IMG_4229-600x450.jpg 600w\" sizes=\"auto, (max-width: 1024px) 100vw, 1024px\" \/><\/figure>\n<p class=\"has-medium-font-size\"><strong>Merci de nous rendre visite ! <\/strong>Nous avons cr\u00e9\u00e9 cette activit\u00e9 pour que vous puissiez aider votre tout-petit \u00e0 se familiariser avec les sons des lettres et les traces des voyelles. Suivez-nous sur nos r\u00e9seaux pour plus d&rsquo;activit\u00e9s.<\/p>\n\n<p class=\"has-medium-font-size\"><strong>T\u00e9l\u00e9chargez le fichier ici :<\/strong> <strong><a href=\"https:\/\/limetree.gt\/wp-content\/uploads\/2022\/02\/Descargable_monosilabas_vocales.pdf\" target=\"_blank\" rel=\"noreferrer noopener\">Sons et traits (mots monosyllabiques)<\/a><\/strong><\/p>\n\n<div data-wp-interactive=\"core\/file\" class=\"wp-block-file\"><object data-wp-bind--hidden=\"!state.hasPdfPreview\" hidden class=\"wp-block-file__embed\" data=\"https:\/\/limetree.gt\/wp-content\/uploads\/2022\/02\/Descargable_monosilabas_vocales.pdf\" type=\"application\/pdf\" style=\"width:100%;height:600px\" aria-label=\"Contenu embarqu\u00e9 Incrustado de Descargable_monosilabas_vocales..\"><\/object><a id=\"wp-block-file--media-33a86dd3-d4ca-4b47-bee9-cf47c7976c97\" href=\"https:\/\/limetree.gt\/wp-content\/uploads\/2022\/02\/Descargable_monosilabas_vocales.pdf\">Voyelles_monosyllabes_t\u00e9l\u00e9chargeables<\/a><a href=\"https:\/\/limetree.gt\/wp-content\/uploads\/2022\/02\/Descargable_monosilabas_vocales.pdf\" class=\"wp-block-file__button\" download=\"\" aria-describedby=\"wp-block-file--media-33a86dd3-d4ca-4b47-bee9-cf47c7976c97\">T\u00e9l\u00e9charger<\/a><\/div>\n\n<p class=\"has-medium-font-size\">N&rsquo;oubliez pas que vous pouvez utiliser nos t\u00e9l\u00e9chargeables <em>avec ou sans<\/em> notre <a rel=\"noreferrer noopener\" href=\"https:\/\/limetree.gt\/fr\/producto\/boite-aux-lettres\/\" target=\"_blank\"><strong>Letrabox+ (Lettres en bois), d\u00e9couvrez-les ici !<\/strong><\/a><\/p>\n<div data-block-name=\"woocommerce\/featured-product\" data-edit-mode=\"false\" data-product-id=\"2335\" class=\"wc-block-featured-product alignnone has-background-dim wp-block-woocommerce-featured-product\" style=\"min-height:500px;\"><div class=\"wc-block-featured-product__wrapper\"><div class=\"background-dim__overlay\" style=\"background-color: #000000\"><\/div><img decoding=\"async\" alt=\"Letrabox\" class=\"wc-block-featured-product__background-image\" src=\"https:\/\/limetree.gt\/wp-content\/uploads\/2020\/08\/Letraboxplus3.jpg\" style=\"object-fit: none;object-position: 50% 50%;\" \/><h2 class=\"wc-block-featured-product__title\">Letrabox<\/h2><h3 class=\"wc-block-featured-product__variation\">Tipo de letra: Molde<\/h3><div class=\"wc-block-featured-product__description\"><p>Caja de letras para lecto-escritura en Molde.<\/p>\n<\/div><div class=\"wc-block-featured-product__price\"><span class=\"woocommerce-Price-amount amount\"><span class=\"woocommerce-Price-currencySymbol\">Q<\/span>495.00<\/span><\/div><div class=\"wc-block-featured-product__inner-blocks\">\n\n<div class=\"wp-block-button aligncenter\"><a class=\"wp-block-button__link\" href=\"https:\/\/limetree.gt\/fr\/producto\/boite-aux-lettres\/?attribute_tipo-de-letra=Molde\">Acheter maintenant<\/a><\/div>\n\n<\/div><\/div><\/div>","protected":false},"excerpt":{"rendered":"<p>Merci de nous rendre visite ! Nous avons cr\u00e9\u00e9 cette activit\u00e9 pour que vous puissiez aider votre tout-petit \u00e0 se familiariser avec les sons des lettres et les traces des voyelles. Suivez-nous sur nos r\u00e9seaux pour plus d&rsquo;activit\u00e9s. T\u00e9l\u00e9chargez le fichier ici : Sons et traits (mots monosyllabiques) N&rsquo;oubliez pas que vous pouvez utiliser nos [&hellip;]<\/p>\n","protected":false},"author":1,"featured_media":3536,"parent":0,"menu_order":0,"comment_status":"closed","ping_status":"closed","template":"","meta":{"footnotes":""},"class_list":["post-3544","page","type-page","status-publish","has-post-thumbnail","hentry"],"jetpack_sharing_enabled":true,"_links":{"self":[{"href":"https:\/\/limetree.gt\/fr\/wp-json\/wp\/v2\/pages\/3544","targetHints":{"allow":["GET"]}}],"collection":[{"href":"https:\/\/limetree.gt\/fr\/wp-json\/wp\/v2\/pages"}],"about":[{"href":"https:\/\/limetree.gt\/fr\/wp-json\/wp\/v2\/types\/page"}],"author":[{"embeddable":true,"href":"https:\/\/limetree.gt\/fr\/wp-json\/wp\/v2\/users\/1"}],"replies":[{"embeddable":true,"href":"https:\/\/limetree.gt\/fr\/wp-json\/wp\/v2\/comments?post=3544"}],"version-history":[{"count":3,"href":"https:\/\/limetree.gt\/fr\/wp-json\/wp\/v2\/pages\/3544\/revisions"}],"predecessor-version":[{"id":3551,"href":"https:\/\/limetree.gt\/fr\/wp-json\/wp\/v2\/pages\/3544\/revisions\/3551"}],"wp:featuredmedia":[{"embeddable":true,"href":"https:\/\/limetree.gt\/fr\/wp-json\/wp\/v2\/media\/3536"}],"wp:attachment":[{"href":"https:\/\/limetree.gt\/fr\/wp-json\/wp\/v2\/media?parent=3544"}],"curies":[{"name":"wp","href":"https:\/\/api.w.org\/{rel}","templated":true}]}}