{"id":3497,"date":"2022-02-04T14:06:29","date_gmt":"2022-02-04T20:06:29","guid":{"rendered":"https:\/\/limetree.gt\/telechargement-gratuit-planetes-et-silhouettes\/"},"modified":"2022-02-04T14:10:11","modified_gmt":"2022-02-04T20:10:11","slug":"telechargement-gratuit-planetes-et-silhouettes","status":"publish","type":"page","link":"https:\/\/limetree.gt\/fr\/telechargement-gratuit-planetes-et-silhouettes\/","title":{"rendered":"T\u00e9l\u00e9chargement gratuit : Plan\u00e8tes et silhouettes"},"content":{"rendered":"\n<figure class=\"wp-block-image size-large\"><img loading=\"lazy\" decoding=\"async\" width=\"1024\" height=\"768\" src=\"https:\/\/limetree.gt\/wp-content\/uploads\/2022\/02\/Descargable_Planetas-1024x768.jpg\" alt=\"\" class=\"wp-image-3491\" srcset=\"https:\/\/limetree.gt\/wp-content\/uploads\/2022\/02\/Descargable_Planetas-1024x768.jpg 1024w, https:\/\/limetree.gt\/wp-content\/uploads\/2022\/02\/Descargable_Planetas-300x225.jpg 300w, https:\/\/limetree.gt\/wp-content\/uploads\/2022\/02\/Descargable_Planetas-768x576.jpg 768w, https:\/\/limetree.gt\/wp-content\/uploads\/2022\/02\/Descargable_Planetas-1536x1152.jpg 1536w, https:\/\/limetree.gt\/wp-content\/uploads\/2022\/02\/Descargable_Planetas-2048x1536.jpg 2048w, https:\/\/limetree.gt\/wp-content\/uploads\/2022\/02\/Descargable_Planetas-600x450.jpg 600w\" sizes=\"auto, (max-width: 1024px) 100vw, 1024px\" \/><\/figure>\n<p class=\"has-medium-font-size\"><strong>Merci de nous rendre visite ! <\/strong>Nous avons cr\u00e9\u00e9 cette activit\u00e9 pour que vous puissiez d\u00e9couvrir notre syst\u00e8me solaire tout en jouant avec votre tout-petit. Vous pouvez trouver plus d&rsquo;activit\u00e9s sur nos r\u00e9seaux.<\/p>\n\n<p class=\"has-large-font-size\">T\u00e9l\u00e9chargez le fichier ici : <strong><a href=\"https:\/\/limetree.gt\/wp-content\/uploads\/2022\/02\/Planetas_Siluetas_Descargable.pdf\">Plan\u00e8tes et silhouettes<\/a><\/strong> <\/p>\n\n<p class=\"has-medium-font-size\">N&rsquo;oubliez pas que notre t\u00e9l\u00e9chargeable peut \u00eatre utilis\u00e9 <em>avec ou sans<\/em> notre <strong><a href=\"https:\/\/limetree.gt\/fr\/\" data-type=\"URL\" data-id=\"https:\/\/limetree.gt\/fr\/\">Astronomic<\/a><\/strong> . <strong><a href=\"https:\/\/limetree.gt\/fr\/\" data-type=\"URL\" data-id=\"https:\/\/limetree.gt\/fr\/\">Apprenez \u00e0 le conna\u00eetre ici!<\/a><\/strong><\/p>\n<div data-block-name=\"woocommerce\/featured-product\" data-edit-mode=\"false\" data-product-id=\"2274\" class=\"wc-block-featured-product alignnone has-background-dim wp-block-woocommerce-featured-product\" style=\"min-height:500px;\"><div class=\"wc-block-featured-product__wrapper\"><div class=\"background-dim__overlay\" style=\"background-color: #000000\"><\/div><img decoding=\"async\" alt=\"Astronomic\" class=\"wc-block-featured-product__background-image\" src=\"https:\/\/limetree.gt\/wp-content\/uploads\/2021\/06\/ASTRONOMIC5.jpg\" style=\"object-fit: none;object-position: 50% 50%;\" \/><h2 class=\"wc-block-featured-product__title\">Astronomic<\/h2><div class=\"wc-block-featured-product__description\"><p class=\"p1\">Juego armable del sistema solar, compuesto de un tablero y 8 planetas independientes.<\/p>\n<\/div><div class=\"wc-block-featured-product__price\"><span class=\"woocommerce-Price-amount amount\"><span class=\"woocommerce-Price-currencySymbol\">Q<\/span>345.00<\/span><\/div><div class=\"wc-block-featured-product__inner-blocks\">\n\n<div class=\"wp-block-button aligncenter\"><a class=\"wp-block-button__link\" href=\"https:\/\/limetree.gt\/fr\/producto\/astronomique\/\" target=\"_blank\" rel=\"noreferrer noopener\">Acheter maintenant<\/a><\/div>\n\n<\/div><\/div><\/div>\n<p class=\"has-medium-font-size\"><br\/><br\/><br\/><br\/><\/p>\n","protected":false},"excerpt":{"rendered":"<p>Merci de nous rendre visite ! Nous avons cr\u00e9\u00e9 cette activit\u00e9 pour que vous puissiez d\u00e9couvrir notre syst\u00e8me solaire tout en jouant avec votre tout-petit. Vous pouvez trouver plus d&rsquo;activit\u00e9s sur nos r\u00e9seaux. T\u00e9l\u00e9chargez le fichier ici : Plan\u00e8tes et silhouettes N&rsquo;oubliez pas que notre t\u00e9l\u00e9chargeable peut \u00eatre utilis\u00e9 avec ou sans notre Astronomic . [&hellip;]<\/p>\n","protected":false},"author":1,"featured_media":3491,"parent":0,"menu_order":0,"comment_status":"closed","ping_status":"closed","template":"","meta":{"footnotes":""},"class_list":["post-3497","page","type-page","status-publish","has-post-thumbnail","hentry"],"jetpack_sharing_enabled":true,"_links":{"self":[{"href":"https:\/\/limetree.gt\/fr\/wp-json\/wp\/v2\/pages\/3497","targetHints":{"allow":["GET"]}}],"collection":[{"href":"https:\/\/limetree.gt\/fr\/wp-json\/wp\/v2\/pages"}],"about":[{"href":"https:\/\/limetree.gt\/fr\/wp-json\/wp\/v2\/types\/page"}],"author":[{"embeddable":true,"href":"https:\/\/limetree.gt\/fr\/wp-json\/wp\/v2\/users\/1"}],"replies":[{"embeddable":true,"href":"https:\/\/limetree.gt\/fr\/wp-json\/wp\/v2\/comments?post=3497"}],"version-history":[{"count":4,"href":"https:\/\/limetree.gt\/fr\/wp-json\/wp\/v2\/pages\/3497\/revisions"}],"predecessor-version":[{"id":3507,"href":"https:\/\/limetree.gt\/fr\/wp-json\/wp\/v2\/pages\/3497\/revisions\/3507"}],"wp:featuredmedia":[{"embeddable":true,"href":"https:\/\/limetree.gt\/fr\/wp-json\/wp\/v2\/media\/3491"}],"wp:attachment":[{"href":"https:\/\/limetree.gt\/fr\/wp-json\/wp\/v2\/media?parent=3497"}],"curies":[{"name":"wp","href":"https:\/\/api.w.org\/{rel}","templated":true}]}}