{"id":3218,"date":"2021-12-15T22:13:42","date_gmt":"2021-12-16T04:13:42","guid":{"rendered":"https:\/\/limetree.gt\/telechargeable-gratuitement-contes-de-noel\/"},"modified":"2021-12-15T22:22:22","modified_gmt":"2021-12-16T04:22:22","slug":"telechargeable-gratuitement-contes-de-noel","status":"publish","type":"page","link":"https:\/\/limetree.gt\/fr\/telechargeable-gratuitement-contes-de-noel\/","title":{"rendered":"T\u00e9l\u00e9chargeable gratuitement&nbsp;: Contes de No\u00ebl"},"content":{"rendered":"\n<figure class=\"wp-block-image size-large\"><img loading=\"lazy\" decoding=\"async\" width=\"1024\" height=\"768\" src=\"https:\/\/limetree.gt\/wp-content\/uploads\/2021\/12\/IMG_3530-1024x768.jpg\" alt=\"\" class=\"wp-image-3199\" srcset=\"https:\/\/limetree.gt\/wp-content\/uploads\/2021\/12\/IMG_3530-1024x768.jpg 1024w, https:\/\/limetree.gt\/wp-content\/uploads\/2021\/12\/IMG_3530-300x225.jpg 300w, https:\/\/limetree.gt\/wp-content\/uploads\/2021\/12\/IMG_3530-768x576.jpg 768w, https:\/\/limetree.gt\/wp-content\/uploads\/2021\/12\/IMG_3530-1536x1152.jpg 1536w, https:\/\/limetree.gt\/wp-content\/uploads\/2021\/12\/IMG_3530-2048x1536.jpg 2048w, https:\/\/limetree.gt\/wp-content\/uploads\/2021\/12\/IMG_3530-600x450.jpg 600w\" sizes=\"auto, (max-width: 1024px) 100vw, 1024px\" \/><\/figure>\n<p class=\"has-medium-font-size\">Nous esp\u00e9rons que cette ressource est tr\u00e8s utile et que vous pourrez en profiter avec vos petits en cette p\u00e9riode de No\u00ebl. Vous pouvez utiliser et profiter de ce mat\u00e9riel m\u00eame si vous n&rsquo;avez pas notre puzzle <a href=\"https:\/\/limetree.gt\/fr\/?post_type=product&amp;p=3134\" target=\"_blank\" rel=\"noreferrer noopener\">Natividad<\/a> . <\/p>\n\n<p class=\"has-luminous-vivid-orange-color has-text-color\" style=\"font-size:25px\"><strong><a href=\"https:\/\/limetree.gt\/wp-content\/uploads\/2021\/12\/HistoriasNavidad_LT.pdf\" target=\"_blank\" rel=\"noreferrer noopener\">T\u00e9l\u00e9chargez ici<\/a><\/strong> la collection <em>d&rsquo;histoires de No\u00ebl<\/em> .<\/p>\n\n<p class=\"has-medium-font-size\"><strong>Instructions: <\/strong><\/p>\n\n<p class=\"has-medium-font-size\"><strong>1.<\/strong> T\u00e9l\u00e9chargez et imprimez recto-verso non ajust\u00e9 de la page 3 \u00e0 22. Vous obtiendrez 10 feuilles, imprim\u00e9es des deux c\u00f4t\u00e9s.<\/p>\n\n<p class=\"has-medium-font-size\"><strong>2.<\/strong> Pliez la premi\u00e8re feuille en deux verticalement, en vous assurant que le titre de l&rsquo;histoire est visible. <\/p>\n\n<figure class=\"wp-block-image size-large\"><img loading=\"lazy\" decoding=\"async\" width=\"1024\" height=\"768\" src=\"https:\/\/limetree.gt\/wp-content\/uploads\/2021\/12\/IMG_3464-1024x768.jpg\" alt=\"\" class=\"wp-image-3203\" srcset=\"https:\/\/limetree.gt\/wp-content\/uploads\/2021\/12\/IMG_3464-1024x768.jpg 1024w, https:\/\/limetree.gt\/wp-content\/uploads\/2021\/12\/IMG_3464-300x225.jpg 300w, https:\/\/limetree.gt\/wp-content\/uploads\/2021\/12\/IMG_3464-768x576.jpg 768w, https:\/\/limetree.gt\/wp-content\/uploads\/2021\/12\/IMG_3464-1536x1152.jpg 1536w, https:\/\/limetree.gt\/wp-content\/uploads\/2021\/12\/IMG_3464-2048x1536.jpg 2048w, https:\/\/limetree.gt\/wp-content\/uploads\/2021\/12\/IMG_3464-600x450.jpg 600w\" sizes=\"auto, (max-width: 1024px) 100vw, 1024px\" \/><\/figure>\n<p class=\"has-medium-font-size\"><strong>3.<\/strong> Pliez horizontalement en deux. <\/p>\n\n<figure class=\"wp-block-image size-large\"><img loading=\"lazy\" decoding=\"async\" width=\"1024\" height=\"768\" src=\"https:\/\/limetree.gt\/wp-content\/uploads\/2021\/12\/IMG_3467-1024x768.jpg\" alt=\"\" class=\"wp-image-3207\" srcset=\"https:\/\/limetree.gt\/wp-content\/uploads\/2021\/12\/IMG_3467-1024x768.jpg 1024w, https:\/\/limetree.gt\/wp-content\/uploads\/2021\/12\/IMG_3467-300x225.jpg 300w, https:\/\/limetree.gt\/wp-content\/uploads\/2021\/12\/IMG_3467-768x576.jpg 768w, https:\/\/limetree.gt\/wp-content\/uploads\/2021\/12\/IMG_3467-1536x1152.jpg 1536w, https:\/\/limetree.gt\/wp-content\/uploads\/2021\/12\/IMG_3467-2048x1536.jpg 2048w, https:\/\/limetree.gt\/wp-content\/uploads\/2021\/12\/IMG_3467-600x450.jpg 600w\" sizes=\"auto, (max-width: 1024px) 100vw, 1024px\" \/><\/figure>\n<p class=\"has-medium-font-size\"><strong>4.<\/strong> Coupez comme indiqu\u00e9 par la ligne pointill\u00e9e. <\/p>\n\n<figure class=\"wp-block-image size-large\"><img loading=\"lazy\" decoding=\"async\" width=\"1024\" height=\"768\" src=\"https:\/\/limetree.gt\/wp-content\/uploads\/2021\/12\/IMG_3471-1024x768.jpg\" alt=\"\" class=\"wp-image-3210\" srcset=\"https:\/\/limetree.gt\/wp-content\/uploads\/2021\/12\/IMG_3471-1024x768.jpg 1024w, https:\/\/limetree.gt\/wp-content\/uploads\/2021\/12\/IMG_3471-300x225.jpg 300w, https:\/\/limetree.gt\/wp-content\/uploads\/2021\/12\/IMG_3471-768x576.jpg 768w, https:\/\/limetree.gt\/wp-content\/uploads\/2021\/12\/IMG_3471-1536x1152.jpg 1536w, https:\/\/limetree.gt\/wp-content\/uploads\/2021\/12\/IMG_3471-2048x1536.jpg 2048w, https:\/\/limetree.gt\/wp-content\/uploads\/2021\/12\/IMG_3471-600x450.jpg 600w\" sizes=\"auto, (max-width: 1024px) 100vw, 1024px\" \/><\/figure>\n<p class=\"has-medium-font-size\"><strong>5.<\/strong> R\u00e9p\u00e9tez les \u00e9tapes 2 \u00e0 4 pour chaque feuille. <\/p>\n\n<p><\/p>\n\n<p class=\"has-medium-font-size\"><strong>Avez-vous une <a href=\"https:\/\/limetree.gt\/fr\/?post_type=product&amp;p=3134\">Natividad<\/a> ?<\/strong> Les histoires correspondent aux morceaux. Nous vous laissons ici un guide <em>(dans le t\u00e9l\u00e9chargeable, vous trouverez plus d&rsquo;informations)<\/em> .<\/p>\n\n<figure class=\"wp-block-image size-large\"><img loading=\"lazy\" decoding=\"async\" width=\"1024\" height=\"768\" src=\"https:\/\/limetree.gt\/wp-content\/uploads\/2021\/12\/IMG_3486-1024x768.jpg\" alt=\"\" class=\"wp-image-3216\" srcset=\"https:\/\/limetree.gt\/wp-content\/uploads\/2021\/12\/IMG_3486-1024x768.jpg 1024w, https:\/\/limetree.gt\/wp-content\/uploads\/2021\/12\/IMG_3486-300x225.jpg 300w, https:\/\/limetree.gt\/wp-content\/uploads\/2021\/12\/IMG_3486-768x576.jpg 768w, https:\/\/limetree.gt\/wp-content\/uploads\/2021\/12\/IMG_3486-1536x1152.jpg 1536w, https:\/\/limetree.gt\/wp-content\/uploads\/2021\/12\/IMG_3486-2048x1536.jpg 2048w, https:\/\/limetree.gt\/wp-content\/uploads\/2021\/12\/IMG_3486-600x450.jpg 600w\" sizes=\"auto, (max-width: 1024px) 100vw, 1024px\" \/><\/figure>\n<p><\/p>\n\n<p><\/p>\n\n<p class=\"has-medium-font-size\"><strong>Vous ne connaissez pas encore notre produit Natividad ?<\/strong> Nous vous laissons ici le lien pour que vous puissiez le conna\u00eetre. <\/p>\n<div data-block-name=\"woocommerce\/handpicked-products\" data-edit-mode=\"false\" data-products=\"[2083]\" class=\"wc-block-grid wp-block-handpicked-products wp-block-woocommerce-handpicked-products wc-block-handpicked-products has-3-columns has-multiple-rows\"><ul class=\"wc-block-grid__products\"><li class=\"wc-block-grid__product\">\n\t\t\t\t<a href=\"https:\/\/limetree.gt\/fr\/producto\/nativite\/\" class=\"wc-block-grid__product-link\">\n\t\t\t\t\t\n\t\t\t\t\t<div class=\"wc-block-grid__product-image\"><img loading=\"lazy\" decoding=\"async\" width=\"300\" height=\"350\" src=\"https:\/\/limetree.gt\/wp-content\/uploads\/2020\/12\/NATIVIDAD01-300x350.jpg\" class=\"attachment-woocommerce_thumbnail size-woocommerce_thumbnail\" alt=\"Nativit\u00e9\" srcset=\"https:\/\/limetree.gt\/wp-content\/uploads\/2020\/12\/NATIVIDAD01-300x350.jpg 300w, https:\/\/limetree.gt\/wp-content\/uploads\/2020\/12\/NATIVIDAD01-257x300.jpg 257w, https:\/\/limetree.gt\/wp-content\/uploads\/2020\/12\/NATIVIDAD01.jpg 600w\" sizes=\"auto, (max-width: 300px) 100vw, 300px\" \/><\/div>\n\t\t\t\t\t<div class=\"wc-block-grid__product-title\">Nativit\u00e9<\/div>\n\t\t\t\t<\/a>\n\t\t\t\t<div class=\"wc-block-grid__product-price price\"><span class=\"woocommerce-Price-amount amount\"><span class=\"woocommerce-Price-currencySymbol\">Q<\/span>295.00<\/span><\/div>\n\t\t\t\t\n\t\t\t\t<div class=\"wp-block-button wc-block-grid__product-add-to-cart\"><a href=\"\/fr\/wp-json\/wp\/v2\/pages\/3218?add-to-cart=3134\" aria-label=\"Ajouter au panier\u00a0: &ldquo;Nativit\u00e9&rdquo;\" data-quantity=\"1\" data-product_id=\"3134\" data-product_sku=\"NAT\" data-price=\"295\" rel=\"nofollow\" class=\"wp-block-button__link  add_to_cart_button ajax_add_to_cart\">Ajouter au panier<\/a><\/div>\n\t\t\t<\/li><\/ul><\/div>\n<div class=\"wp-block-columns is-layout-flex wp-container-core-columns-is-layout-9d6595d7 wp-block-columns-is-layout-flex\">\n<div class=\"wp-block-column is-layout-flow wp-block-column-is-layout-flow\" style=\"flex-basis:100%\">\n<div class=\"wp-block-group\"><div class=\"wp-block-group__inner-container is-layout-flow wp-block-group-is-layout-flow\"><\/div><\/div>\n<\/div>\n<\/div>\n\n<p><\/p>\n","protected":false},"excerpt":{"rendered":"<p>Nous esp\u00e9rons que cette ressource est tr\u00e8s utile et que vous pourrez en profiter avec vos petits en cette p\u00e9riode de No\u00ebl. Vous pouvez utiliser et profiter de ce mat\u00e9riel m\u00eame si vous n&rsquo;avez pas notre puzzle Natividad . T\u00e9l\u00e9chargez ici la collection d&rsquo;histoires de No\u00ebl . Instructions: 1. T\u00e9l\u00e9chargez et imprimez recto-verso non ajust\u00e9 [&hellip;]<\/p>\n","protected":false},"author":1,"featured_media":3199,"parent":0,"menu_order":0,"comment_status":"closed","ping_status":"closed","template":"","meta":{"footnotes":""},"class_list":["post-3218","page","type-page","status-publish","has-post-thumbnail","hentry"],"jetpack_sharing_enabled":true,"_links":{"self":[{"href":"https:\/\/limetree.gt\/fr\/wp-json\/wp\/v2\/pages\/3218","targetHints":{"allow":["GET"]}}],"collection":[{"href":"https:\/\/limetree.gt\/fr\/wp-json\/wp\/v2\/pages"}],"about":[{"href":"https:\/\/limetree.gt\/fr\/wp-json\/wp\/v2\/types\/page"}],"author":[{"embeddable":true,"href":"https:\/\/limetree.gt\/fr\/wp-json\/wp\/v2\/users\/1"}],"replies":[{"embeddable":true,"href":"https:\/\/limetree.gt\/fr\/wp-json\/wp\/v2\/comments?post=3218"}],"version-history":[{"count":6,"href":"https:\/\/limetree.gt\/fr\/wp-json\/wp\/v2\/pages\/3218\/revisions"}],"predecessor-version":[{"id":3233,"href":"https:\/\/limetree.gt\/fr\/wp-json\/wp\/v2\/pages\/3218\/revisions\/3233"}],"wp:featuredmedia":[{"embeddable":true,"href":"https:\/\/limetree.gt\/fr\/wp-json\/wp\/v2\/media\/3199"}],"wp:attachment":[{"href":"https:\/\/limetree.gt\/fr\/wp-json\/wp\/v2\/media?parent=3218"}],"curies":[{"name":"wp","href":"https:\/\/api.w.org\/{rel}","templated":true}]}}