{"id":3106,"date":"2021-12-14T12:51:52","date_gmt":"2021-12-14T18:51:52","guid":{"rendered":"https:\/\/limetree.gt\/telechargement-gratuit-carte-de-la-nativite\/"},"modified":"2021-12-14T12:51:56","modified_gmt":"2021-12-14T18:51:56","slug":"telechargement-gratuit-carte-de-la-nativite","status":"publish","type":"page","link":"https:\/\/limetree.gt\/fr\/telechargement-gratuit-carte-de-la-nativite\/","title":{"rendered":"T\u00e9l\u00e9chargement gratuit : Carte de la Nativit\u00e9"},"content":{"rendered":"\n<p>Nous esp\u00e9rons que vous et votre enfant l&rsquo;appr\u00e9cierez! Sur la base de notre <a rel=\"noreferrer noopener\" href=\"https:\/\/limetree.gt\/fr\/?post_type=product&amp;p=3134\" target=\"_blank\">puzzle Nativit\u00e9<\/a> , nous avons d\u00e9cid\u00e9 de cr\u00e9er cette belle carte pour se souvenir et c\u00e9l\u00e9brer ce moment tr\u00e8s sp\u00e9cial. <br\/><br\/><img loading=\"lazy\" decoding=\"async\" width=\"2560\" height=\"1920\" class=\"wp-image-2849\" src=\"https:\/\/limetree.gt\/wp-content\/uploads\/2020\/12\/IMG_8611-scaled.jpg\" alt=\"\" style=\"width: px;\" srcset=\"https:\/\/limetree.gt\/wp-content\/uploads\/2020\/12\/IMG_8611-scaled.jpg 2560w, https:\/\/limetree.gt\/wp-content\/uploads\/2020\/12\/IMG_8611-300x225.jpg 300w, https:\/\/limetree.gt\/wp-content\/uploads\/2020\/12\/IMG_8611-1024x768.jpg 1024w, https:\/\/limetree.gt\/wp-content\/uploads\/2020\/12\/IMG_8611-768x576.jpg 768w, https:\/\/limetree.gt\/wp-content\/uploads\/2020\/12\/IMG_8611-1536x1152.jpg 1536w, https:\/\/limetree.gt\/wp-content\/uploads\/2020\/12\/IMG_8611-2048x1536.jpg 2048w, https:\/\/limetree.gt\/wp-content\/uploads\/2020\/12\/IMG_8611-600x450.jpg 600w\" sizes=\"auto, (max-width: 2560px) 100vw, 2560px\" \/><\/p>\n\n<p>T\u00e9l\u00e9chargez le fichier gratuitement ici :<br\/><a rel=\"noreferrer noopener\" href=\"https:\/\/limetree.gt\/wp-content\/uploads\/2020\/12\/Descargable_Navidad2020.pdf\" target=\"_blank\"><strong>Carte<\/strong><\/a> <a href=\"https:\/\/limetree.gt\/wp-content\/uploads\/2020\/12\/Descargable_Navidad2020.pdf\" target=\"_blank\" rel=\"noreferrer noopener\"><strong>Nativit\u00e9.pdf<\/strong><\/a><\/p>\n\n<p>Vous n&rsquo;avez pas encore votre puzzle Natividad ? C&rsquo;est un magnifique puzzle de 15 pi\u00e8ces qui nous rappelle la nuit la plus sp\u00e9ciale de toutes : <em>la nuit de la naissance de J\u00e9sus.<\/em> <\/p>\n\n<p><\/p>\n\n<p>Vous pouvez <a rel=\"noreferrer noopener\" href=\"https:\/\/limetree.gt\/fr\/?post_type=product&amp;p=3134\" target=\"_blank\">l&rsquo;acheter ici.<\/a><\/p>\n\n<div class=\"wp-block-image\"><figure class=\"aligncenter size-large\"><a href=\"https:\/\/limetree.gt\/fr\/?post_type=product&#038;p=3134\"><img loading=\"lazy\" decoding=\"async\" width=\"600\" height=\"700\" src=\"https:\/\/limetree.gt\/wp-content\/uploads\/2020\/12\/NATIVIDAD01.jpg\" alt=\"\" class=\"wp-image-2837\" srcset=\"https:\/\/limetree.gt\/wp-content\/uploads\/2020\/12\/NATIVIDAD01.jpg 600w, https:\/\/limetree.gt\/wp-content\/uploads\/2020\/12\/NATIVIDAD01-257x300.jpg 257w, https:\/\/limetree.gt\/wp-content\/uploads\/2020\/12\/NATIVIDAD01-300x350.jpg 300w\" sizes=\"auto, (max-width: 600px) 100vw, 600px\" \/><\/a><\/figure><\/div>\n","protected":false},"excerpt":{"rendered":"<p>Nous esp\u00e9rons que vous et votre enfant l&rsquo;appr\u00e9cierez! Sur la base de notre puzzle Nativit\u00e9 , nous avons d\u00e9cid\u00e9 de cr\u00e9er cette belle carte pour se souvenir et c\u00e9l\u00e9brer ce moment tr\u00e8s sp\u00e9cial. T\u00e9l\u00e9chargez le fichier gratuitement ici :Carte Nativit\u00e9.pdf Vous n&rsquo;avez pas encore votre puzzle Natividad ? C&rsquo;est un magnifique puzzle de 15 pi\u00e8ces [&hellip;]<\/p>\n","protected":false},"author":1,"featured_media":0,"parent":0,"menu_order":0,"comment_status":"closed","ping_status":"closed","template":"","meta":{"footnotes":""},"class_list":["post-3106","page","type-page","status-publish","hentry"],"jetpack_sharing_enabled":true,"_links":{"self":[{"href":"https:\/\/limetree.gt\/fr\/wp-json\/wp\/v2\/pages\/3106","targetHints":{"allow":["GET"]}}],"collection":[{"href":"https:\/\/limetree.gt\/fr\/wp-json\/wp\/v2\/pages"}],"about":[{"href":"https:\/\/limetree.gt\/fr\/wp-json\/wp\/v2\/types\/page"}],"author":[{"embeddable":true,"href":"https:\/\/limetree.gt\/fr\/wp-json\/wp\/v2\/users\/1"}],"replies":[{"embeddable":true,"href":"https:\/\/limetree.gt\/fr\/wp-json\/wp\/v2\/comments?post=3106"}],"version-history":[{"count":4,"href":"https:\/\/limetree.gt\/fr\/wp-json\/wp\/v2\/pages\/3106\/revisions"}],"predecessor-version":[{"id":3159,"href":"https:\/\/limetree.gt\/fr\/wp-json\/wp\/v2\/pages\/3106\/revisions\/3159"}],"wp:attachment":[{"href":"https:\/\/limetree.gt\/fr\/wp-json\/wp\/v2\/media?parent=3106"}],"curies":[{"name":"wp","href":"https:\/\/api.w.org\/{rel}","templated":true}]}}