{"id":3070,"date":"2021-12-14T12:51:34","date_gmt":"2021-12-14T18:51:34","guid":{"rendered":"https:\/\/limetree.gt\/telecharger-ruler-board-et-meta-moment\/"},"modified":"2021-12-14T12:51:34","modified_gmt":"2021-12-14T18:51:34","slug":"telecharger-ruler-board-et-meta-moment","status":"publish","type":"page","link":"https:\/\/limetree.gt\/fr\/telecharger-ruler-board-et-meta-moment\/","title":{"rendered":"T\u00e9l\u00e9charger&nbsp;: RULER Board et Meta-moment"},"content":{"rendered":"\n<p>RULER est une approche syst\u00e9matique du contr\u00f4le des \u00e9motions chez les enfants d&rsquo;\u00e2ge pr\u00e9scolaire, d\u00e9velopp\u00e9e par le Center for Emotional <em>Intelligence<\/em> de l&rsquo;Universit\u00e9 de Yale. Dans notre Instagram Live, nous avons pu d\u00e9velopper la m\u00e9thodologie et l&rsquo;utilisation de <a rel=\"noreferrer noopener\" href=\"https:\/\/limetree.gt\/fr\/?post_type=product&#038;p=3102\" target=\"_blank\">MEM<\/a> . <strong>Tu l&rsquo;as perdu?<\/strong> Vous pouvez <a href=\"https:\/\/www.instagram.com\/tv\/CLmfXRDl4Mt\/?utm_source=ig_web_copy_link\" target=\"_blank\" rel=\"noreferrer noopener\">voir l&rsquo;enregistrement ici.<\/a> <\/p>\n\n<p>\u00c0 l&rsquo;aide de cet outil, nous avons con\u00e7u un tableau R\u00c8GLE \u00e0 int\u00e9grer dans l&rsquo;utilisation du MEM, ainsi qu&rsquo;un poster M\u00e9ta-Moment ( <em>\u00e9tapes pour contr\u00f4ler les \u00e9motions intenses chez les enfants<\/em> ) que vous pouvez imprimer et fabriquer \u00e0 la maison. Vous pouvez le t\u00e9l\u00e9charger gratuitement sur les liens suivants :<\/p>\n\n<p><a href=\"https:\/\/limetree.gt\/wp-content\/uploads\/2021\/02\/TableroRULER.pdf\" target=\"_blank\" rel=\"noreferrer noopener\">Conseil R\u00c8GLE<\/a><\/p>\n\n<p><a href=\"https:\/\/limetree.gt\/wp-content\/uploads\/2021\/02\/Metamomento_LT.pdf\">M\u00e9ta-Moment<\/a><\/p>\n\n<figure class=\"wp-block-image size-large\"><img loading=\"lazy\" decoding=\"async\" width=\"1024\" height=\"640\" src=\"https:\/\/limetree.gt\/wp-content\/uploads\/2021\/02\/4-2-1024x640.jpg\" alt=\"\" class=\"wp-image-2935\" srcset=\"https:\/\/limetree.gt\/wp-content\/uploads\/2021\/02\/4-2-1024x640.jpg 1024w, https:\/\/limetree.gt\/wp-content\/uploads\/2021\/02\/4-2-300x188.jpg 300w, https:\/\/limetree.gt\/wp-content\/uploads\/2021\/02\/4-2-768x480.jpg 768w, https:\/\/limetree.gt\/wp-content\/uploads\/2021\/02\/4-2-1536x960.jpg 1536w, https:\/\/limetree.gt\/wp-content\/uploads\/2021\/02\/4-2-2048x1280.jpg 2048w, https:\/\/limetree.gt\/wp-content\/uploads\/2021\/02\/4-2-600x375.jpg 600w\" sizes=\"auto, (max-width: 1024px) 100vw, 1024px\" \/><\/figure>\n<p><strong>Vous n&rsquo;avez pas encore de MEM ?<\/strong> Vous pouvez le voir <a rel=\"noreferrer noopener\" href=\"https:\/\/limetree.gt\/fr\/?post_type=product&#038;p=3102\" target=\"_blank\">ici.<\/a> <\/p>\n\n<figure class=\"wp-block-gallery columns-3 is-cropped wp-block-gallery-1 is-layout-flex wp-block-gallery-is-layout-flex\"><ul class=\"blocks-gallery-grid\"><li class=\"blocks-gallery-item\"><figure><img loading=\"lazy\" decoding=\"async\" width=\"600\" height=\"700\" src=\"https:\/\/limetree.gt\/wp-content\/uploads\/2020\/08\/MEM02.jpg\" alt=\"\" data-id=\"1559\" data-full-url=\"https:\/\/limetree.gt\/wp-content\/uploads\/2020\/08\/MEM02.jpg\" data-link=\"https:\/\/limetree.gt\/mem02\/\" class=\"wp-image-2703\" srcset=\"https:\/\/limetree.gt\/wp-content\/uploads\/2020\/08\/MEM02.jpg 600w, https:\/\/limetree.gt\/wp-content\/uploads\/2020\/08\/MEM02-257x300.jpg 257w, https:\/\/limetree.gt\/wp-content\/uploads\/2020\/08\/MEM02-300x350.jpg 300w\" sizes=\"auto, (max-width: 600px) 100vw, 600px\" \/><\/figure><\/li><li class=\"blocks-gallery-item\"><figure><img loading=\"lazy\" decoding=\"async\" width=\"600\" height=\"700\" src=\"https:\/\/limetree.gt\/wp-content\/uploads\/2020\/08\/MEM01RULER55.jpg\" alt=\"\" data-id=\"2145\" data-full-url=\"https:\/\/limetree.gt\/wp-content\/uploads\/2020\/08\/MEM01RULER55.jpg\" data-link=\"https:\/\/limetree.gt\/?attachment_id=2145\" class=\"wp-image-2889\" srcset=\"https:\/\/limetree.gt\/wp-content\/uploads\/2020\/08\/MEM01RULER55.jpg 600w, https:\/\/limetree.gt\/wp-content\/uploads\/2020\/08\/MEM01RULER55-257x300.jpg 257w, https:\/\/limetree.gt\/wp-content\/uploads\/2020\/08\/MEM01RULER55-300x350.jpg 300w\" sizes=\"auto, (max-width: 600px) 100vw, 600px\" \/><\/figure><\/li><li class=\"blocks-gallery-item\"><figure><img loading=\"lazy\" decoding=\"async\" width=\"600\" height=\"700\" src=\"https:\/\/limetree.gt\/wp-content\/uploads\/2020\/08\/MEM01_C-1.jpg\" alt=\"\" data-id=\"2142\" data-full-url=\"https:\/\/limetree.gt\/wp-content\/uploads\/2020\/08\/MEM01_C-1.jpg\" data-link=\"https:\/\/limetree.gt\/?attachment_id=2142\" class=\"wp-image-2885\" srcset=\"https:\/\/limetree.gt\/wp-content\/uploads\/2020\/08\/MEM01_C-1.jpg 600w, https:\/\/limetree.gt\/wp-content\/uploads\/2020\/08\/MEM01_C-1-257x300.jpg 257w, https:\/\/limetree.gt\/wp-content\/uploads\/2020\/08\/MEM01_C-1-300x350.jpg 300w\" sizes=\"auto, (max-width: 600px) 100vw, 600px\" \/><\/figure><\/li><\/ul><\/figure><div data-block-name=\"woocommerce\/featured-product\" data-edit-mode=\"false\" data-product-id=\"1530\" class=\"wc-block-featured-product alignnone has-background-dim wp-block-woocommerce-featured-product\" style=\"min-height:500px;\"><div class=\"wc-block-featured-product__wrapper\"><div class=\"background-dim__overlay\" style=\"background-color: #000000\"><\/div><img decoding=\"async\" alt=\"Mem\" class=\"wc-block-featured-product__background-image\" src=\"https:\/\/limetree.gt\/wp-content\/uploads\/2020\/08\/MEM02.jpg\" style=\"object-fit: none;object-position: 50% 50%;\" \/><h2 class=\"wc-block-featured-product__title\">Mem<\/h2><div class=\"wc-block-featured-product__description\"><p><span lang=\"ES\">Herramienta armable para la medici\u00f3n del estado emocional. \u00a1Mejorado acorde al c\u00f3digo\/emociones de metodolog\u00eda RULER!<\/span><\/p>\n<\/div><div class=\"wc-block-featured-product__price\"><span class=\"woocommerce-Price-amount amount\"><span class=\"woocommerce-Price-currencySymbol\">Q<\/span>295.00<\/span><\/div><div class=\"wc-block-featured-product__inner-blocks\">\n\n<div class=\"wp-block-button aligncenter\"><a class=\"wp-block-button__link\" href=\"https:\/\/limetree.gt\/fr\/?post_type=product&#038;p=3102\" target=\"_blank\" rel=\"noreferrer noopener\">Acheter maintenant<\/a><\/div>\n\n<\/div><\/div><\/div>","protected":false},"excerpt":{"rendered":"<p>RULER est une approche syst\u00e9matique du contr\u00f4le des \u00e9motions chez les enfants d&rsquo;\u00e2ge pr\u00e9scolaire, d\u00e9velopp\u00e9e par le Center for Emotional Intelligence de l&rsquo;Universit\u00e9 de Yale. Dans notre Instagram Live, nous avons pu d\u00e9velopper la m\u00e9thodologie et l&rsquo;utilisation de MEM . Tu l&rsquo;as perdu? Vous pouvez voir l&rsquo;enregistrement ici. \u00c0 l&rsquo;aide de cet outil, nous avons [&hellip;]<\/p>\n","protected":false},"author":1,"featured_media":0,"parent":0,"menu_order":0,"comment_status":"closed","ping_status":"closed","template":"","meta":{"footnotes":""},"class_list":["post-3070","page","type-page","status-publish","hentry"],"jetpack_sharing_enabled":true,"_links":{"self":[{"href":"https:\/\/limetree.gt\/fr\/wp-json\/wp\/v2\/pages\/3070","targetHints":{"allow":["GET"]}}],"collection":[{"href":"https:\/\/limetree.gt\/fr\/wp-json\/wp\/v2\/pages"}],"about":[{"href":"https:\/\/limetree.gt\/fr\/wp-json\/wp\/v2\/types\/page"}],"author":[{"embeddable":true,"href":"https:\/\/limetree.gt\/fr\/wp-json\/wp\/v2\/users\/1"}],"replies":[{"embeddable":true,"href":"https:\/\/limetree.gt\/fr\/wp-json\/wp\/v2\/comments?post=3070"}],"version-history":[{"count":2,"href":"https:\/\/limetree.gt\/fr\/wp-json\/wp\/v2\/pages\/3070\/revisions"}],"predecessor-version":[{"id":3075,"href":"https:\/\/limetree.gt\/fr\/wp-json\/wp\/v2\/pages\/3070\/revisions\/3075"}],"wp:attachment":[{"href":"https:\/\/limetree.gt\/fr\/wp-json\/wp\/v2\/media?parent=3070"}],"curies":[{"name":"wp","href":"https:\/\/api.w.org\/{rel}","templated":true}]}}