{"id":3063,"date":"2021-12-14T12:51:32","date_gmt":"2021-12-14T18:51:32","guid":{"rendered":"https:\/\/limetree.gt\/debut\/"},"modified":"2022-03-17T17:42:50","modified_gmt":"2022-03-17T23:42:50","slug":"debut","status":"publish","type":"page","link":"https:\/\/limetree.gt\/fr\/","title":{"rendered":"D\u00e9but"},"content":{"rendered":"<div class=\"wpb-content-wrapper\"><p>[vc_row full_width=\u00a0\u00bbstretch_row\u00a0\u00bb inverse=\u00a0\u00bb\u00a0\u00bb css=\u00a0\u00bb.vc_custom_1600276033820{background-color: #ffffff !important;}\u00a0\u00bb][vc_column][vc_empty_space height=\u00a0\u00bb8em\u00a0\u00bb]<h1 class=\"sc_title sc_title_regular sc_align_center\" style=\"text-align:center;color:#f8951d;\">Des jouets sympas<\/h1><h2 class=\"sc_title sc_title_regular sc_align_center\" style=\"text-align:center;color:#f8951d;font-weight:300;font-size:1.714em;\">Pour des enfants brillants <strong>D\u00e9couvrez nos produits !<\/strong><\/h2>[vc_empty_space height=\u00a0\u00bb2.5em\u00a0\u00bb]<div id=\"sc_blogger_1246112489\" class=\"sc_blogger layout_portfolio_4 template_portfolio no_margins sc_blogger_horizontal no_description\" data-animation=\"animated fadeInLeft normal\"><div class=\"isotope_wrap\" data-columns=\"4\">\t\t\t<div class=\"isotope_item isotope_item_portfolio isotope_item_portfolio_4 isotope_column_4\t\t\t\t\t\t\">\n\t\t\t\t<div class=\"post_item post_item_portfolio post_item_portfolio_4\t\t\t\t\tpost_format_standard odd\">\n\t\n\t\t\t\t\t<div class=\"post_content isotope_item_content ih-item colored square effect_shift left_to_right\">\n\t\t\t\t\t\t\t\t\t\t\t\t<div class=\"post_featured img \">\n\t\t\t\t\t\t\t<a href=\"https:\/\/limetree.gt\/fr\/producto\/combo-alfabet-duo-pack\/\"><img loading=\"lazy\" decoding=\"async\" class=\"wp-post-image\" width=\"370\" height=\"432\" alt=\"Combo : Alfabet + Duo Pack\" src=\"https:\/\/limetree.gt\/wp-content\/uploads\/2022\/05\/ComboAlfabet_1-370x432.jpg\"><\/a>\t\t\t\t\t\t<\/div>\n\t\t\t\t\t\t\t\t\n\t\t\t\t\t\t\t<div class=\"post_info_wrap info\"><div class=\"info-back\">\n\t\t\n\t\t\t\t\t\t\t\t<h4 class=\"post_title\"><a href=\"https:\/\/limetree.gt\/fr\/producto\/combo-alfabet-duo-pack\/\">Combo : Alfabet + Duo Pack<\/a><\/h4>\t\t\n\t\t\t\t\t\t\t\t<div class=\"post_descr\">\n\t\t\t\t\t\t\t\t<p class=\"post_info\">\n\t\t\t\t<span class=\"post_info_item post_info_posted\"> <a href=\"https:\/\/limetree.gt\/fr\/producto\/combo-alfabet-duo-pack\/\" class=\"post_info_date\">03 May 2022<\/a><\/span>\n\t\t\t\t\t<span class=\"post_info_item post_info_counters\">\t<a class=\"post_counters_item post_counters_views icon-eye\" title=\"Views - 11306\" href=\"https:\/\/limetree.gt\/fr\/producto\/combo-alfabet-duo-pack\/\"><span class=\"post_counters_number\">11306<\/span><\/a>\n\t\t<a class=\"post_counters_item post_counters_comments icon-comment\" title=\"Comments - 0\" href=\"https:\/\/limetree.gt\/fr\/producto\/combo-alfabet-duo-pack\/#respond\"><span class=\"post_counters_number\">0<\/span><\/a>\n\t\t<a class=\"post_counters_item post_counters_likes icon-heart enabled\" title=\"Like\" href=\"#\"\n\t\tdata-postid=\"4074\"\n\t\tdata-likes=\"0\"\n\t\tdata-title-like=\"Like\"\n\t\tdata-title-dislike=\"Dislike\"><span class=\"post_counters_number\">0<\/span><\/a>\n\t<\/span>\n\t\t<\/p><p><a href=\"https:\/\/limetree.gt\/fr\/producto\/combo-alfabet-duo-pack\/\">1 Alphabet + 2 cartes suppl\u00e9mentaires (Duo Pack)\n\nDans la description, vous pouvez voir en d\u00e9tail ce que contient le combo. <\/a><\/p><p class=\"post_buttons\"><\/p>\t\t\t\t\t\t\t\t<\/div>\n\t\t\t\t\t\t\t<\/div><\/div>\t<!-- \/.info-back \/.info -->\n\t\t\t\t\t\t\t\t\t\t\t\t\t\t\t\t\t\t<\/div>\t\t\t\t<!-- \/.post_content -->\n\t\t\t\t<\/div>\t<!-- \/.post_item -->\n\t\t\t<\/div>\t\t\t\t\t\t<!-- \/.isotope_item -->\n\t\t\t\t\t\t<div class=\"isotope_item isotope_item_portfolio isotope_item_portfolio_4 isotope_column_4\t\t\t\t\t\t\">\n\t\t\t\t<div class=\"post_item post_item_portfolio post_item_portfolio_4\t\t\t\t\tpost_format_standard even\">\n\t\n\t\t\t\t\t<div class=\"post_content isotope_item_content ih-item colored square effect_shift left_to_right\">\n\t\t\t\t\t\t\t\t\t\t\t\t<div class=\"post_featured img \">\n\t\t\t\t\t\t\t<a href=\"https:\/\/limetree.gt\/fr\/producto\/alphabet\/\"><img loading=\"lazy\" decoding=\"async\" class=\"wp-post-image\" width=\"370\" height=\"432\" alt=\"alphabet\" src=\"https:\/\/limetree.gt\/wp-content\/uploads\/2022\/03\/Alfabet1-370x432.jpg\"><\/a>\t\t\t\t\t\t<\/div>\n\t\t\t\t\t\t\t\t\n\t\t\t\t\t\t\t<div class=\"post_info_wrap info\"><div class=\"info-back\">\n\t\t\n\t\t\t\t\t\t\t\t<h4 class=\"post_title\"><a href=\"https:\/\/limetree.gt\/fr\/producto\/alphabet\/\">alphabet<\/a><\/h4>\t\t\n\t\t\t\t\t\t\t\t<div class=\"post_descr\">\n\t\t\t\t\t\t\t\t<p class=\"post_info\">\n\t\t\t\t<span class=\"post_info_item post_info_posted\"> <a href=\"https:\/\/limetree.gt\/fr\/producto\/alphabet\/\" class=\"post_info_date\">03 March 2022<\/a><\/span>\n\t\t\t\t\t<span class=\"post_info_item post_info_counters\">\t<a class=\"post_counters_item post_counters_views icon-eye\" title=\"Views - 10871\" href=\"https:\/\/limetree.gt\/fr\/producto\/alphabet\/\"><span class=\"post_counters_number\">10871<\/span><\/a>\n\t\t<a class=\"post_counters_item post_counters_comments icon-comment\" title=\"Comments - 0\" href=\"https:\/\/limetree.gt\/fr\/producto\/alphabet\/#respond\"><span class=\"post_counters_number\">0<\/span><\/a>\n\t\t<a class=\"post_counters_item post_counters_likes icon-heart enabled\" title=\"Like\" href=\"#\"\n\t\tdata-postid=\"3653\"\n\t\tdata-likes=\"0\"\n\t\tdata-title-like=\"Like\"\n\t\tdata-title-dislike=\"Dislike\"><span class=\"post_counters_number\">0<\/span><\/a>\n\t<\/span>\n\t\t<\/p><p><a href=\"https:\/\/limetree.gt\/fr\/producto\/alphabet\/\">Tableau de lettres pour pratiquer les traits et les phon\u00e8mes (sons des lettres).<\/a><\/p><p class=\"post_buttons\"><\/p>\t\t\t\t\t\t\t\t<\/div>\n\t\t\t\t\t\t\t<\/div><\/div>\t<!-- \/.info-back \/.info -->\n\t\t\t\t\t\t\t\t\t\t\t\t\t\t\t\t\t\t<\/div>\t\t\t\t<!-- \/.post_content -->\n\t\t\t\t<\/div>\t<!-- \/.post_item -->\n\t\t\t<\/div>\t\t\t\t\t\t<!-- \/.isotope_item -->\n\t\t\t\t\t\t<div class=\"isotope_item isotope_item_portfolio isotope_item_portfolio_4 isotope_column_4\t\t\t\t\t\t\">\n\t\t\t\t<div class=\"post_item post_item_portfolio post_item_portfolio_4\t\t\t\t\tpost_format_standard odd\">\n\t\n\t\t\t\t\t<div class=\"post_content isotope_item_content ih-item colored square effect_shift left_to_right\">\n\t\t\t\t\t\t\t\t\t\t\t\t<div class=\"post_featured img \">\n\t\t\t\t\t\t\t<a href=\"https:\/\/limetree.gt\/fr\/producto\/livre-des-emotions-lucas-ressent-ainsi\/\"><img loading=\"lazy\" decoding=\"async\" class=\"wp-post-image\" width=\"370\" height=\"432\" alt=\"Livre d&rsquo;\u00e9motions : Lucas se sent comme \u00e7a\" src=\"https:\/\/limetree.gt\/wp-content\/uploads\/2022\/02\/Libro1-1-370x432.jpg\"><\/a>\t\t\t\t\t\t<\/div>\n\t\t\t\t\t\t\t\t\n\t\t\t\t\t\t\t<div class=\"post_info_wrap info\"><div class=\"info-back\">\n\t\t\n\t\t\t\t\t\t\t\t<h4 class=\"post_title\"><a href=\"https:\/\/limetree.gt\/fr\/producto\/livre-des-emotions-lucas-ressent-ainsi\/\">Livre d&rsquo;\u00e9motions : Lucas se sent comme \u00e7a<\/a><\/h4>\t\t\n\t\t\t\t\t\t\t\t<div class=\"post_descr\">\n\t\t\t\t\t\t\t\t<p class=\"post_info\">\n\t\t\t\t<span class=\"post_info_item post_info_posted\"> <a href=\"https:\/\/limetree.gt\/fr\/producto\/livre-des-emotions-lucas-ressent-ainsi\/\" class=\"post_info_date\">21 February 2022<\/a><\/span>\n\t\t\t\t\t<span class=\"post_info_item post_info_counters\">\t<a class=\"post_counters_item post_counters_views icon-eye\" title=\"Views - 13728\" href=\"https:\/\/limetree.gt\/fr\/producto\/livre-des-emotions-lucas-ressent-ainsi\/\"><span class=\"post_counters_number\">13728<\/span><\/a>\n\t\t<a class=\"post_counters_item post_counters_comments icon-comment\" title=\"Comments - 0\" href=\"https:\/\/limetree.gt\/fr\/producto\/livre-des-emotions-lucas-ressent-ainsi\/#respond\"><span class=\"post_counters_number\">0<\/span><\/a>\n\t\t<a class=\"post_counters_item post_counters_likes icon-heart enabled\" title=\"Like\" href=\"#\"\n\t\tdata-postid=\"3602\"\n\t\tdata-likes=\"0\"\n\t\tdata-title-like=\"Like\"\n\t\tdata-title-dislike=\"Dislike\"><span class=\"post_counters_number\">0<\/span><\/a>\n\t<\/span>\n\t\t<\/p><p><a href=\"https:\/\/limetree.gt\/fr\/producto\/livre-des-emotions-lucas-ressent-ainsi\/\">Livre interactif \u00e0 utiliser avec les blocs : Lucas se sent comme \u00e7a\nN&rsquo;inclut pas les blocs. MEMS vendu s\u00e9par\u00e9ment. <\/a><\/p><p class=\"post_buttons\"><\/p>\t\t\t\t\t\t\t\t<\/div>\n\t\t\t\t\t\t\t<\/div><\/div>\t<!-- \/.info-back \/.info -->\n\t\t\t\t\t\t\t\t\t\t\t\t\t\t\t\t\t\t<\/div>\t\t\t\t<!-- \/.post_content -->\n\t\t\t\t<\/div>\t<!-- \/.post_item -->\n\t\t\t<\/div>\t\t\t\t\t\t<!-- \/.isotope_item -->\n\t\t\t\t\t\t<div class=\"isotope_item isotope_item_portfolio isotope_item_portfolio_4 isotope_column_4\t\t\t\t\t\t\">\n\t\t\t\t<div class=\"post_item post_item_portfolio post_item_portfolio_4\t\t\t\t\tpost_format_standard even\">\n\t\n\t\t\t\t\t<div class=\"post_content isotope_item_content ih-item colored square effect_shift left_to_right\">\n\t\t\t\t\t\t\t\t\t\t\t\t<div class=\"post_featured img \">\n\t\t\t\t\t\t\t<a href=\"https:\/\/limetree.gt\/fr\/producto\/combo-mem-and-book\/\"><img loading=\"lazy\" decoding=\"async\" class=\"wp-post-image\" width=\"370\" height=\"432\" alt=\"Combo : MEM et livre\" src=\"https:\/\/limetree.gt\/wp-content\/uploads\/2022\/02\/Combo1-1-370x432.jpg\"><\/a>\t\t\t\t\t\t<\/div>\n\t\t\t\t\t\t\t\t\n\t\t\t\t\t\t\t<div class=\"post_info_wrap info\"><div class=\"info-back\">\n\t\t\n\t\t\t\t\t\t\t\t<h4 class=\"post_title\"><a href=\"https:\/\/limetree.gt\/fr\/producto\/combo-mem-and-book\/\">Combo : MEM et livre<\/a><\/h4>\t\t\n\t\t\t\t\t\t\t\t<div class=\"post_descr\">\n\t\t\t\t\t\t\t\t<p class=\"post_info\">\n\t\t\t\t<span class=\"post_info_item post_info_posted\"> <a href=\"https:\/\/limetree.gt\/fr\/producto\/combo-mem-and-book\/\" class=\"post_info_date\">21 February 2022<\/a><\/span>\n\t\t\t\t\t<span class=\"post_info_item post_info_counters\">\t<a class=\"post_counters_item post_counters_views icon-eye\" title=\"Views - 13746\" href=\"https:\/\/limetree.gt\/fr\/producto\/combo-mem-and-book\/\"><span class=\"post_counters_number\">13746<\/span><\/a>\n\t\t<a class=\"post_counters_item post_counters_comments icon-comment\" title=\"Comments - 0\" href=\"https:\/\/limetree.gt\/fr\/producto\/combo-mem-and-book\/#respond\"><span class=\"post_counters_number\">0<\/span><\/a>\n\t\t<a class=\"post_counters_item post_counters_likes icon-heart enabled\" title=\"Like\" href=\"#\"\n\t\tdata-postid=\"3586\"\n\t\tdata-likes=\"0\"\n\t\tdata-title-like=\"Like\"\n\t\tdata-title-dislike=\"Dislike\"><span class=\"post_counters_number\">0<\/span><\/a>\n\t<\/span>\n\t\t<\/p><p><a href=\"https:\/\/limetree.gt\/fr\/producto\/combo-mem-and-book\/\">1 MEM + 1 livre interactif \u00e0 utiliser avec les blocs : Lucas se sent comme \u00e7a\nDans la description, vous pouvez voir en d\u00e9tail ce que contient le combo. <\/a><\/p><p class=\"post_buttons\"><\/p>\t\t\t\t\t\t\t\t<\/div>\n\t\t\t\t\t\t\t<\/div><\/div>\t<!-- \/.info-back \/.info -->\n\t\t\t\t\t\t\t\t\t\t\t\t\t\t\t\t\t\t<\/div>\t\t\t\t<!-- \/.post_content -->\n\t\t\t\t<\/div>\t<!-- \/.post_item -->\n\t\t\t<\/div>\t\t\t\t\t\t<!-- \/.isotope_item -->\n\t\t\t\t\t\t<div class=\"isotope_item isotope_item_portfolio isotope_item_portfolio_4 isotope_column_4\t\t\t\t\t\t\">\n\t\t\t\t<div class=\"post_item post_item_portfolio post_item_portfolio_4\t\t\t\t\tpost_format_standard odd\">\n\t\n\t\t\t\t\t<div class=\"post_content isotope_item_content ih-item colored square effect_shift left_to_right\">\n\t\t\t\t\t\t\t\t\t\t\t\t<div class=\"post_featured img \">\n\t\t\t\t\t\t\t<a href=\"https:\/\/limetree.gt\/fr\/producto\/couche-anatomique-additionnelle\/\"><img loading=\"lazy\" decoding=\"async\" class=\"wp-post-image\" width=\"370\" height=\"432\" alt=\"Couche suppl\u00e9mentaire &#8211; Anatomique\" src=\"https:\/\/limetree.gt\/wp-content\/uploads\/2021\/06\/PIEL01-370x432.jpg\"><\/a>\t\t\t\t\t\t<\/div>\n\t\t\t\t\t\t\t\t\n\t\t\t\t\t\t\t<div class=\"post_info_wrap info\"><div class=\"info-back\">\n\t\t\n\t\t\t\t\t\t\t\t<h4 class=\"post_title\"><a href=\"https:\/\/limetree.gt\/fr\/producto\/couche-anatomique-additionnelle\/\">Couche suppl\u00e9mentaire &#8211; Anatomique<\/a><\/h4>\t\t\n\t\t\t\t\t\t\t\t<div class=\"post_descr\">\n\t\t\t\t\t\t\t\t<p class=\"post_info\">\n\t\t\t\t<span class=\"post_info_item post_info_posted\"> <a href=\"https:\/\/limetree.gt\/fr\/producto\/couche-anatomique-additionnelle\/\" class=\"post_info_date\">22 June 2021<\/a><\/span>\n\t\t\t\t\t<span class=\"post_info_item post_info_counters\">\t<a class=\"post_counters_item post_counters_views icon-eye\" title=\"Views - 13431\" href=\"https:\/\/limetree.gt\/fr\/producto\/couche-anatomique-additionnelle\/\"><span class=\"post_counters_number\">13431<\/span><\/a>\n\t\t<a class=\"post_counters_item post_counters_comments icon-comment\" title=\"Comments - 0\" href=\"https:\/\/limetree.gt\/fr\/producto\/couche-anatomique-additionnelle\/#respond\"><span class=\"post_counters_number\">0<\/span><\/a>\n\t\t<a class=\"post_counters_item post_counters_likes icon-heart enabled\" title=\"Like\" href=\"#\"\n\t\tdata-postid=\"3097\"\n\t\tdata-likes=\"0\"\n\t\tdata-title-like=\"Like\"\n\t\tdata-title-dislike=\"Dislike\"><span class=\"post_counters_number\">0<\/span><\/a>\n\t<\/span>\n\t\t<\/p><p><a href=\"https:\/\/limetree.gt\/fr\/producto\/couche-anatomique-additionnelle\/\">Couche anatomique : Fourrure. (Vendu s\u00e9par\u00e9ment)\n&nbsp;<\/a><\/p><p class=\"post_buttons\"><\/p>\t\t\t\t\t\t\t\t<\/div>\n\t\t\t\t\t\t\t<\/div><\/div>\t<!-- \/.info-back \/.info -->\n\t\t\t\t\t\t\t\t\t\t\t\t\t\t\t\t\t\t<\/div>\t\t\t\t<!-- \/.post_content -->\n\t\t\t\t<\/div>\t<!-- \/.post_item -->\n\t\t\t<\/div>\t\t\t\t\t\t<!-- \/.isotope_item -->\n\t\t\t\t\t\t<div class=\"isotope_item isotope_item_portfolio isotope_item_portfolio_4 isotope_column_4\t\t\t\t\t\t\">\n\t\t\t\t<div class=\"post_item post_item_portfolio post_item_portfolio_4\t\t\t\t\tpost_format_standard even\">\n\t\n\t\t\t\t\t<div class=\"post_content isotope_item_content ih-item colored square effect_shift left_to_right\">\n\t\t\t\t\t\t\t\t\t\t\t\t<div class=\"post_featured img \">\n\t\t\t\t\t\t\t<a href=\"https:\/\/limetree.gt\/fr\/producto\/astronomique\/\"><img loading=\"lazy\" decoding=\"async\" class=\"wp-post-image\" width=\"370\" height=\"432\" alt=\"Astronomique\" src=\"https:\/\/limetree.gt\/wp-content\/uploads\/2021\/06\/ASTRONOMIC5-370x432.jpg\"><\/a>\t\t\t\t\t\t<\/div>\n\t\t\t\t\t\t\t\t\n\t\t\t\t\t\t\t<div class=\"post_info_wrap info\"><div class=\"info-back\">\n\t\t\n\t\t\t\t\t\t\t\t<h4 class=\"post_title\"><a href=\"https:\/\/limetree.gt\/fr\/producto\/astronomique\/\">Astronomique<\/a><\/h4>\t\t\n\t\t\t\t\t\t\t\t<div class=\"post_descr\">\n\t\t\t\t\t\t\t\t<p class=\"post_info\">\n\t\t\t\t<span class=\"post_info_item post_info_posted\"> <a href=\"https:\/\/limetree.gt\/fr\/producto\/astronomique\/\" class=\"post_info_date\">15 June 2021<\/a><\/span>\n\t\t\t\t\t<span class=\"post_info_item post_info_counters\">\t<a class=\"post_counters_item post_counters_views icon-eye\" title=\"Views - 11590\" href=\"https:\/\/limetree.gt\/fr\/producto\/astronomique\/\"><span class=\"post_counters_number\">11590<\/span><\/a>\n\t\t<a class=\"post_counters_item post_counters_comments icon-comment\" title=\"Comments - 0\" href=\"https:\/\/limetree.gt\/fr\/producto\/astronomique\/#respond\"><span class=\"post_counters_number\">0<\/span><\/a>\n\t\t<a class=\"post_counters_item post_counters_likes icon-heart enabled\" title=\"Like\" href=\"#\"\n\t\tdata-postid=\"3138\"\n\t\tdata-likes=\"0\"\n\t\tdata-title-like=\"Like\"\n\t\tdata-title-dislike=\"Dislike\"><span class=\"post_counters_number\">0<\/span><\/a>\n\t<\/span>\n\t\t<\/p><p><a href=\"https:\/\/limetree.gt\/fr\/producto\/astronomique\/\">Jeu \u00e0 construire du syst\u00e8me solaire, compos\u00e9 d&rsquo;un plateau et de 8 plan\u00e8tes ind\u00e9pendantes.<\/a><\/p><p class=\"post_buttons\"><\/p>\t\t\t\t\t\t\t\t<\/div>\n\t\t\t\t\t\t\t<\/div><\/div>\t<!-- \/.info-back \/.info -->\n\t\t\t\t\t\t\t\t\t\t\t\t\t\t\t\t\t\t<\/div>\t\t\t\t<!-- \/.post_content -->\n\t\t\t\t<\/div>\t<!-- \/.post_item -->\n\t\t\t<\/div>\t\t\t\t\t\t<!-- \/.isotope_item -->\n\t\t\t\t\t\t<div class=\"isotope_item isotope_item_portfolio isotope_item_portfolio_4 isotope_column_4\t\t\t\t\t\t\">\n\t\t\t\t<div class=\"post_item post_item_portfolio post_item_portfolio_4\t\t\t\t\tpost_format_standard odd\">\n\t\n\t\t\t\t\t<div class=\"post_content isotope_item_content ih-item colored square effect_shift left_to_right\">\n\t\t\t\t\t\t\t\t\t\t\t\t<div class=\"post_featured img \">\n\t\t\t\t\t\t\t<a href=\"https:\/\/limetree.gt\/fr\/producto\/nativite\/\"><img loading=\"lazy\" decoding=\"async\" class=\"wp-post-image\" width=\"370\" height=\"432\" alt=\"Nativit\u00e9\" src=\"https:\/\/limetree.gt\/wp-content\/uploads\/2020\/12\/NATIVIDAD01-370x432.jpg\"><\/a>\t\t\t\t\t\t<\/div>\n\t\t\t\t\t\t\t\t\n\t\t\t\t\t\t\t<div class=\"post_info_wrap info\"><div class=\"info-back\">\n\t\t\n\t\t\t\t\t\t\t\t<h4 class=\"post_title\"><a href=\"https:\/\/limetree.gt\/fr\/producto\/nativite\/\">Nativit\u00e9<\/a><\/h4>\t\t\n\t\t\t\t\t\t\t\t<div class=\"post_descr\">\n\t\t\t\t\t\t\t\t<p class=\"post_info\">\n\t\t\t\t<span class=\"post_info_item post_info_posted\"> <a href=\"https:\/\/limetree.gt\/fr\/producto\/nativite\/\" class=\"post_info_date\">01 December 2020<\/a><\/span>\n\t\t\t\t\t<span class=\"post_info_item post_info_counters\">\t<a class=\"post_counters_item post_counters_views icon-eye\" title=\"Views - 11463\" href=\"https:\/\/limetree.gt\/fr\/producto\/nativite\/\"><span class=\"post_counters_number\">11463<\/span><\/a>\n\t\t<a class=\"post_counters_item post_counters_comments icon-comment\" title=\"Comments - 0\" href=\"https:\/\/limetree.gt\/fr\/producto\/nativite\/#respond\"><span class=\"post_counters_number\">0<\/span><\/a>\n\t\t<a class=\"post_counters_item post_counters_likes icon-heart enabled\" title=\"Like\" href=\"#\"\n\t\tdata-postid=\"3134\"\n\t\tdata-likes=\"0\"\n\t\tdata-title-like=\"Like\"\n\t\tdata-title-dislike=\"Dislike\"><span class=\"post_counters_number\">0<\/span><\/a>\n\t<\/span>\n\t\t<\/p><p><a href=\"https:\/\/limetree.gt\/fr\/producto\/nativite\/\">Puzzle de 15 pi\u00e8ces de la cr\u00e8che.\nIllustr\u00e9 par l&rsquo;artiste guat\u00e9malt\u00e8que : Diana Peren ( @bow_studiogt )<\/a><\/p><p class=\"post_buttons\"><\/p>\t\t\t\t\t\t\t\t<\/div>\n\t\t\t\t\t\t\t<\/div><\/div>\t<!-- \/.info-back \/.info -->\n\t\t\t\t\t\t\t\t\t\t\t\t\t\t\t\t\t\t<\/div>\t\t\t\t<!-- \/.post_content -->\n\t\t\t\t<\/div>\t<!-- \/.post_item -->\n\t\t\t<\/div>\t\t\t\t\t\t<!-- \/.isotope_item -->\n\t\t\t\t\t\t<div class=\"isotope_item isotope_item_portfolio isotope_item_portfolio_4 isotope_column_4\t\t\t\t\t\t\">\n\t\t\t\t<div class=\"post_item post_item_portfolio post_item_portfolio_4\t\t\t\t\tpost_format_standard even last\">\n\t\n\t\t\t\t\t<div class=\"post_content isotope_item_content ih-item colored square effect_shift left_to_right\">\n\t\t\t\t\t\t\t\t\t\t\t\t<div class=\"post_featured img \">\n\t\t\t\t\t\t\t<a href=\"https:\/\/limetree.gt\/fr\/producto\/nombre\/\"><img loading=\"lazy\" decoding=\"async\" class=\"wp-post-image\" width=\"370\" height=\"432\" alt=\"Num labo\" src=\"https:\/\/limetree.gt\/wp-content\/uploads\/2020\/08\/NUMLAB03-1-370x432.jpg\"><\/a>\t\t\t\t\t\t<\/div>\n\t\t\t\t\t\t\t\t\n\t\t\t\t\t\t\t<div class=\"post_info_wrap info\"><div class=\"info-back\">\n\t\t\n\t\t\t\t\t\t\t\t<h4 class=\"post_title\"><a href=\"https:\/\/limetree.gt\/fr\/producto\/nombre\/\">Num labo<\/a><\/h4>\t\t\n\t\t\t\t\t\t\t\t<div class=\"post_descr\">\n\t\t\t\t\t\t\t\t<p class=\"post_info\">\n\t\t\t\t<span class=\"post_info_item post_info_posted\"> <a href=\"https:\/\/limetree.gt\/fr\/producto\/nombre\/\" class=\"post_info_date\">21 August 2020<\/a><\/span>\n\t\t\t\t\t<span class=\"post_info_item post_info_counters\">\t<a class=\"post_counters_item post_counters_views icon-eye\" title=\"Views - 11318\" href=\"https:\/\/limetree.gt\/fr\/producto\/nombre\/\"><span class=\"post_counters_number\">11318<\/span><\/a>\n\t\t<a class=\"post_counters_item post_counters_comments icon-comment\" title=\"Comments - 0\" href=\"https:\/\/limetree.gt\/fr\/producto\/nombre\/#respond\"><span class=\"post_counters_number\">0<\/span><\/a>\n\t\t<a class=\"post_counters_item post_counters_likes icon-heart enabled\" title=\"Like\" href=\"#\"\n\t\tdata-postid=\"3124\"\n\t\tdata-likes=\"0\"\n\t\tdata-title-like=\"Like\"\n\t\tdata-title-dislike=\"Dislike\"><span class=\"post_counters_number\">0<\/span><\/a>\n\t<\/span>\n\t\t<\/p><p><a href=\"https:\/\/limetree.gt\/fr\/producto\/nombre\/\">Jeu magn\u00e9tique pour apprendre \u00e0 compter et r\u00e9soudre des op\u00e9rations de base.<\/a><\/p><p class=\"post_buttons\"><\/p>\t\t\t\t\t\t\t\t<\/div>\n\t\t\t\t\t\t\t<\/div><\/div>\t<!-- \/.info-back \/.info -->\n\t\t\t\t\t\t\t\t\t\t\t\t\t\t\t\t\t\t<\/div>\t\t\t\t<!-- \/.post_content -->\n\t\t\t\t<\/div>\t<!-- \/.post_item -->\n\t\t\t<\/div>\t\t\t\t\t\t<!-- \/.isotope_item -->\n\t\t\t<\/div><\/div>[vc_empty_space height=\u00a0\u00bb5em\u00a0\u00bb][\/vc_column][\/vc_row][vc_row full_width=\u00a0\u00bbstretch_row\u00a0\u00bb inverse=\u00a0\u00bb\u00a0\u00bb css=\u00a0\u00bb.vc_custom_1600693437031{background-color: #ffffff !important;}\u00a0\u00bb][vc_column]<h2 class=\"sc_title sc_title_regular sc_align_center\" style=\"text-align:center;color:#f8951d;font-weight:300;font-size:1.714em;\" data-animation=\"animated fadeInLeft normal\"><strong>Engag\u00e9s<\/strong> pour le bien-\u00eatre de nos petits clients.<\/h2>[vc_empty_space height=\u00a0\u00bb2em\u00a0\u00bb]<div id=\"sc_services_1816946941_wrap\" class=\"sc_services_wrap scheme_cservices\"><div id=\"sc_services_1816946941\" class=\"sc_services sc_services_style_services-3 sc_services_type_icons \" style=\"width:100%;\" data-animation=\"animated fadeInRight normal\"><div class=\"sc_columns columns_wrap\"><div class=\"column-1_4 column_padding_bottom\">\t\t\t<div id=\"sc_services_1816946941_1\"\t\t\t\tclass=\"sc_services_item sc_services_item_1 odd first\"\n\t\t\t\t>\n\t\t\t\t<a href=\"https:\/\/limetree.gt\/fr\/services\/aprobados-por-ninos\/\"><span class=\"sc_icon icon-smiley3\"><\/span><h4 class=\"sc_services_item_title\">Aprobados por ni\u00f1os<\/h4><\/a>\t\t\t<\/div>\n\t\t<\/div><div class=\"column-1_4 column_padding_bottom\">\t\t\t<div id=\"sc_services_1816946941_2\"\t\t\t\tclass=\"sc_services_item sc_services_item_2 even\"\n\t\t\t\t>\n\t\t\t\t<a href=\"https:\/\/limetree.gt\/fr\/services\/materiales-libres-de-toxicos\/\"><span class=\"sc_icon icon-check\"><\/span><h4 class=\"sc_services_item_title\">Libres de plomo y mercurio<\/h4><\/a>\t\t\t<\/div>\n\t\t<\/div><div class=\"column-1_4 column_padding_bottom\">\t\t\t<div id=\"sc_services_1816946941_3\"\t\t\t\tclass=\"sc_services_item sc_services_item_3 odd\"\n\t\t\t\t>\n\t\t\t\t<a href=\"https:\/\/limetree.gt\/fr\/services\/hechos-en-guatemala\/\"><span class=\"sc_icon icon-address\"><\/span><h4 class=\"sc_services_item_title\">Hechos en Guatemala<\/h4><\/a>\t\t\t<\/div>\n\t\t<\/div><div class=\"column-1_4 column_padding_bottom\">\t\t\t<div id=\"sc_services_1816946941_4\"\t\t\t\tclass=\"sc_services_item sc_services_item_4 even\"\n\t\t\t\t>\n\t\t\t\t<a href=\"https:\/\/limetree.gt\/fr\/services\/disenados-con-detalle\/\"><span class=\"sc_icon icon-heart373\"><\/span><h4 class=\"sc_services_item_title\">Dise\u00f1ados con detalle<\/h4><\/a>\t\t\t<\/div>\n\t\t<\/div><\/div><\/div><!-- \/.sc_services --><\/div><!-- \/.sc_services_wrap -->[vc_empty_space height=\u00a0\u00bb5em\u00a0\u00bb][\/vc_column][\/vc_row][vc_row full_width=\u00a0\u00bbstretch_row_content\u00a0\u00bb inverse=\u00a0\u00bb\u00a0\u00bb css=\u00a0\u00bb.vc_custom_1601904182078{background-color: #f4c142 !important;background-position: 0 0 !important;background-repeat: no-repeat !important;}\u00a0\u00bb][vc_column]<figure class=\"sc_image  sc_image_shape_square\" data-animation=\"animated fadeInDown normal\" style=\"width:1000px;\"><img decoding=\"async\" src=\"https:\/\/limetree.gt\/wp-content\/uploads\/2020\/10\/envios.gif\" alt=\"\" \/><\/figure>[\/vc_column][\/vc_row][vc_row full_width=\u00a0\u00bbstretch_row\u00a0\u00bb inverse=\u00a0\u00bb\u00a0\u00bb css=\u00a0\u00bb.vc_custom_1601575722851{background-image: url(https:\/\/limetree.gt\/wp-content\/uploads\/2020\/10\/bg.jpg?id=1888) !important;}\u00a0\u00bb][vc_column][vc_empty_space height=\u00a0\u00bb7.3em\u00a0\u00bb]<h3 class=\"sc_title sc_title_regular sc_align_center\" style=\"text-align:center;color:#ffffff;\">Notre Blog : D\u00e9couvrez quelque chose de nouveau.<\/h3>[vc_empty_space height=\u00a0\u00bb5em\u00a0\u00bb]<div id=\"sc_blogger_135135258\" class=\"sc_blogger layout_portfolio_3 template_portfolio no_margins sc_blogger_horizontal no_description\"><div class=\"isotope_wrap\" data-columns=\"3\"><\/div><\/div>[vc_empty_space height=\u00a0\u00bb7.3em\u00a0\u00bb][\/vc_column][\/vc_row]<\/p>\n<\/div>","protected":false},"excerpt":{"rendered":"<p>[vc_row full_width=\u00a0\u00bbstretch_row\u00a0\u00bb inverse=\u00a0\u00bb\u00a0\u00bb css=\u00a0\u00bb.vc_custom_1600276033820{background-color: #ffffff !important;}\u00a0\u00bb][vc_column][vc_empty_space height=\u00a0\u00bb8em\u00a0\u00bb][vc_empty_space height=\u00a0\u00bb2.5em\u00a0\u00bb][vc_empty_space height=\u00a0\u00bb5em\u00a0\u00bb][\/vc_column][\/vc_row][vc_row full_width=\u00a0\u00bbstretch_row\u00a0\u00bb inverse=\u00a0\u00bb\u00a0\u00bb css=\u00a0\u00bb.vc_custom_1600693437031{background-color: #ffffff !important;}\u00a0\u00bb][vc_column][vc_empty_space height=\u00a0\u00bb2em\u00a0\u00bb][vc_empty_space height=\u00a0\u00bb5em\u00a0\u00bb][\/vc_column][\/vc_row][vc_row full_width=\u00a0\u00bbstretch_row_content\u00a0\u00bb inverse=\u00a0\u00bb\u00a0\u00bb css=\u00a0\u00bb.vc_custom_1601904182078{background-color: #f4c142 !important;background-position: 0 0 !important;background-repeat: no-repeat !important;}\u00a0\u00bb][vc_column][\/vc_column][\/vc_row][vc_row full_width=\u00a0\u00bbstretch_row\u00a0\u00bb inverse=\u00a0\u00bb\u00a0\u00bb css=\u00a0\u00bb.vc_custom_1601575722851{background-image: url(https:\/\/limetree.gt\/wp-content\/uploads\/2020\/10\/bg.jpg?id=1888) !important;}\u00a0\u00bb][vc_column][vc_empty_space height=\u00a0\u00bb7.3em\u00a0\u00bb][vc_empty_space height=\u00a0\u00bb5em\u00a0\u00bb][vc_empty_space height=\u00a0\u00bb7.3em\u00a0\u00bb][\/vc_column][\/vc_row]<\/p>\n","protected":false},"author":1,"featured_media":0,"parent":0,"menu_order":0,"comment_status":"closed","ping_status":"closed","template":"","meta":{"footnotes":""},"class_list":["post-3063","page","type-page","status-publish","hentry"],"jetpack_sharing_enabled":true,"_links":{"self":[{"href":"https:\/\/limetree.gt\/fr\/wp-json\/wp\/v2\/pages\/3063","targetHints":{"allow":["GET"]}}],"collection":[{"href":"https:\/\/limetree.gt\/fr\/wp-json\/wp\/v2\/pages"}],"about":[{"href":"https:\/\/limetree.gt\/fr\/wp-json\/wp\/v2\/types\/page"}],"author":[{"embeddable":true,"href":"https:\/\/limetree.gt\/fr\/wp-json\/wp\/v2\/users\/1"}],"replies":[{"embeddable":true,"href":"https:\/\/limetree.gt\/fr\/wp-json\/wp\/v2\/comments?post=3063"}],"version-history":[{"count":8,"href":"https:\/\/limetree.gt\/fr\/wp-json\/wp\/v2\/pages\/3063\/revisions"}],"predecessor-version":[{"id":3728,"href":"https:\/\/limetree.gt\/fr\/wp-json\/wp\/v2\/pages\/3063\/revisions\/3728"}],"wp:attachment":[{"href":"https:\/\/limetree.gt\/fr\/wp-json\/wp\/v2\/media?parent=3063"}],"curies":[{"name":"wp","href":"https:\/\/api.w.org\/{rel}","templated":true}]}}