{"id":3047,"date":"2021-12-14T12:51:31","date_gmt":"2021-12-14T18:51:31","guid":{"rendered":"https:\/\/limetree.gt\/faq\/"},"modified":"2021-12-14T12:51:32","modified_gmt":"2021-12-14T18:51:32","slug":"faq","status":"publish","type":"page","link":"https:\/\/limetree.gt\/fr\/faq\/","title":{"rendered":"FAQ"},"content":{"rendered":"<div class=\"wpb-content-wrapper\"><p>[vc_row][vc_column]<div class=\"sc_accordion\" style=\"margin-bottom:5em;\" data-active=\"0\"><div class=\"sc_accordion_item odd first\"><h5 class=\"sc_accordion_title\">\u00bfEn d\u00f3nde puedo adquirir sus productos?<\/h5><div class=\"sc_accordion_content\">[vc_column_text]<\/p>\n<p align=\"justify\">Nous sommes actuellement une boutique en ligne et nous distribuons nos produits dans tout le Guatemala via un service de messagerie priv\u00e9. Cependant, nous pouvons \u00e9galement vous assister dans notre bureau sur rendez-vous ( <a href=\"https:\/\/limetree.gt\/fr\/?page_id=3081\">demandez-le ici<\/a> ) et acheter le produit directement l\u00e0-bas.<\/p>\n<p>[\/vc_column_text]<\/div><\/div><div class=\"sc_accordion_item even\"><h5 class=\"sc_accordion_title\">\u00bfRealizan env\u00edos a toda Guatemala?<\/h5><div class=\"sc_accordion_content\">[vc_column_text]<\/p>\n<p align=\"justify\">Oui, cependant, nous sommes d\u00e9pendants des restrictions de notre service de messagerie. Nos produits peuvent ne pas \u00eatre en mesure d&rsquo;\u00eatre exp\u00e9di\u00e9s dans des zones \u00e0 haut risque ou \u00e0 acc\u00e8s limit\u00e9.<\/p>\n<p>[\/vc_column_text]<\/div><\/div><div class=\"sc_accordion_item odd\"><h5 class=\"sc_accordion_title\">\u00bfRealizan env\u00edos a otros pa\u00edses?<\/h5><div class=\"sc_accordion_content\">[vc_column_text]<\/p>\n<p align=\"justify\">Malheureusement pas encore, mais nous travaillons pour que vous puissiez bient\u00f4t acheter nos produits dans votre pays. Si vous habitez en dehors du Guatemala, vous pouvez <a href=\"https:\/\/limetree.gt\/fr\/?page_id=3081\">nous \u00e9crire ici,<\/a> nous aimerions savoir de quel pays vous venez et ce qui vous int\u00e9resse dans nos produits. Cela nous aidera \u00e0 comprendre notre march\u00e9 et \u00e0 pouvoir orienter nos efforts.<\/p>\n<p>[\/vc_column_text]<\/div><\/div><div class=\"sc_accordion_item even\"><h5 class=\"sc_accordion_title\">\u00bfPor qu\u00e9 debo esperar por algunos productos?<\/h5><div class=\"sc_accordion_content\">[vc_column_text]<\/p>\n<p align=\"justify\">Nous sommes une entreprise familiale avec une petite \u00e9quipe. Notre inventaire est g\u00e9n\u00e9r\u00e9 en fonction de la demande de nos clients. Pour cette raison, vous constaterez parfois que tous nos produits sont en stock et d&rsquo;autres fois, le d\u00e9lai de livraison pour d&rsquo;autres produits sera indiqu\u00e9. Nous appr\u00e9cions votre compr\u00e9hension concernant ces variations.<\/p>\n<p>[\/vc_column_text]<\/div><\/div><div class=\"sc_accordion_item odd\"><h5 class=\"sc_accordion_title\">\u00bfCu\u00e1l es el tiempo de fabricaci\u00f3n de un producto?<\/h5><div class=\"sc_accordion_content\">[vc_column_text]<\/p>\n<p align=\"justify\">Le temps d\u00e9pend du produit. Cependant, nous nous effor\u00e7ons d&rsquo;exp\u00e9dier votre commande dans les 7 jours ouvrables (ou comme indiqu\u00e9 sur votre achat). Dans le cas contraire, nous vous informerons du changement et vous offrirons la possibilit\u00e9 d&rsquo;annuler votre commande.<\/p>\n<p>[\/vc_column_text]<\/div><\/div><div class=\"sc_accordion_item even\"><h5 class=\"sc_accordion_title\">\u00bfLos juguetes son hechos a mano?<\/h5><div class=\"sc_accordion_content\">[vc_column_text]<\/p>\n<p align=\"justify\">\u00c0 l&rsquo;exception des machines que nous utilisons pour couper les pi\u00e8ces, tout est assembl\u00e9 et fini par des mains guat\u00e9malt\u00e8ques. Le produit que les enfants auront entre les mains aura \u00e9t\u00e9 fabriqu\u00e9 avec soin et minutie.<\/p>\n<p>[\/vc_column_text]<\/div><\/div><div class=\"sc_accordion_item odd\"><h5 class=\"sc_accordion_title\">\u00bfQu\u00e9 garant\u00eda ofrecen en sus productos?<\/h5><div class=\"sc_accordion_content\">[vc_column_text]<\/p>\n<p align=\"justify\">Nos jouets sont con\u00e7us pour \u00eatre manipul\u00e9s par des enfants, entre les \u00e2ges \u00e9tablis par produit. Ils ont \u00e9t\u00e9 cr\u00e9\u00e9s pour \u00eatre utilis\u00e9s avec le soin qu&rsquo;un enfant sous l&rsquo;instruction d&rsquo;un adulte peut offrir et, par cons\u00e9quent, leur durabilit\u00e9 d\u00e9pendra de la fa\u00e7on dont ils sont utilis\u00e9s. Pour cette raison, nous ne pouvons vous offrir aucune garantie. Cependant, vous pourrez examiner et r\u00e9clamer votre produit dans les 24 heures suivant la livraison en raison d&rsquo;un d\u00e9faut de fabrication ou d&rsquo;une mauvaise gestion du service de messagerie.<\/p>\n<p>[\/vc_column_text]<\/div><\/div><div class=\"sc_accordion_item even\"><h5 class=\"sc_accordion_title\">\u00bfCu\u00e1l es su pol\u00edtica de cambio y\/o devoluci\u00f3n?<\/h5><div class=\"sc_accordion_content\">[vc_column_text]<\/p>\n<p align=\"justify\">Nous pouvons changer votre produit si vous r\u00e9clamez un d\u00e9faut de fabrication ou des dommages dus \u00e0 une mauvaise gestion du service de messagerie dans un d\u00e9lai de 24 heures apr\u00e8s la livraison. L&rsquo;heure et le mode de changement seront inform\u00e9s selon le cas. Nous ne faisons pas d&rsquo;argent en retour.<\/p>\n<p>[\/vc_column_text]<\/div><\/div><div class=\"sc_accordion_item odd\"><h5 class=\"sc_accordion_title\">Algunos productos tienen partes peque\u00f1as \u00bfpuede ser peligroso para el ni\u00f1o?<\/h5><div class=\"sc_accordion_content\">[vc_column_text]<\/p>\n<p align=\"justify\">Tous nos produits sont con\u00e7us pour \u00eatre utilis\u00e9s sous la surveillance d&rsquo;un adulte. Nous pensons que la manipulation de petits objets est n\u00e9cessaire au bon d\u00e9veloppement moteur des enfants. Nous vous recommandons de faire attention \u00e0 la cat\u00e9gorie d&rsquo;\u00e2ge \u00e9tablie pour chaque jouet et de toujours faire attention \u00e0 l&rsquo;enfant lors de son utilisation. Rappelez-vous que la supervision n&rsquo;implique pas n\u00e9cessairement d&rsquo;intervenir dans le processus de l&rsquo;enfant.<\/p>\n<p>[\/vc_column_text]<\/div><\/div><\/div>[\/vc_column][\/vc_row]<\/p>\n<\/div>","protected":false},"excerpt":{"rendered":"<p>[vc_row][vc_column][\/vc_column][\/vc_row]<\/p>\n","protected":false},"author":1,"featured_media":0,"parent":0,"menu_order":0,"comment_status":"closed","ping_status":"closed","template":"","meta":{"footnotes":""},"class_list":["post-3047","page","type-page","status-publish","hentry"],"jetpack_sharing_enabled":true,"_links":{"self":[{"href":"https:\/\/limetree.gt\/fr\/wp-json\/wp\/v2\/pages\/3047","targetHints":{"allow":["GET"]}}],"collection":[{"href":"https:\/\/limetree.gt\/fr\/wp-json\/wp\/v2\/pages"}],"about":[{"href":"https:\/\/limetree.gt\/fr\/wp-json\/wp\/v2\/types\/page"}],"author":[{"embeddable":true,"href":"https:\/\/limetree.gt\/fr\/wp-json\/wp\/v2\/users\/1"}],"replies":[{"embeddable":true,"href":"https:\/\/limetree.gt\/fr\/wp-json\/wp\/v2\/comments?post=3047"}],"version-history":[{"count":3,"href":"https:\/\/limetree.gt\/fr\/wp-json\/wp\/v2\/pages\/3047\/revisions"}],"predecessor-version":[{"id":3052,"href":"https:\/\/limetree.gt\/fr\/wp-json\/wp\/v2\/pages\/3047\/revisions\/3052"}],"wp:attachment":[{"href":"https:\/\/limetree.gt\/fr\/wp-json\/wp\/v2\/media?parent=3047"}],"curies":[{"name":"wp","href":"https:\/\/api.w.org\/{rel}","templated":true}]}}