{"id":3009,"date":"2021-12-14T12:51:26","date_gmt":"2021-12-14T18:51:26","guid":{"rendered":"https:\/\/limetree.gt\/notre-but\/"},"modified":"2021-12-14T12:51:26","modified_gmt":"2021-12-14T18:51:26","slug":"notre-but","status":"publish","type":"page","link":"https:\/\/limetree.gt\/fr\/notre-but\/","title":{"rendered":"Notre but"},"content":{"rendered":"<div class=\"wpb-content-wrapper\"><p>[vc_row full_width=\u00a0\u00bbstretch_row\u00a0\u00bb css=\u00a0\u00bb.vc_custom_1462351779489{background-color: #ffffff !important;}\u00a0\u00bb][vc_column][vc_empty_space height=\u00a0\u00bb7.4em\u00a0\u00bb]<div class=\"11 sc_section aligncenter\"><div class=\"sc_section_inner\"><h2 class=\"sc_section_title sc_item_title\">Misi\u00f3n<\/h2><div class=\"sc_section_descr sc_item_descr\">Lo que estamos comprometidos a lograr<\/div><div class=\"sc_section_content_wrap\">[vc_column_text]<\/p>\n<h3>\u00catre un moteur d&rsquo;innovation pour l&rsquo;\u00e9ducation au Guatemala en offrant des produits, des outils et des services qui permettent d&rsquo;accompagner les enfants d&rsquo;\u00e2ge pr\u00e9scolaire et pr\u00e9scolaire dans leur d\u00e9veloppement, afin d&rsquo;avoir des g\u00e9n\u00e9rations dot\u00e9es d&rsquo;un esprit critique, de cr\u00e9ativit\u00e9 et de responsabilit\u00e9 sociale.<\/h3>\n<p>[\/vc_column_text]<\/div><\/div><\/div>[vc_empty_space height=\u00a0\u00bb3em\u00a0\u00bb]<figure class=\"sc_image  sc_image_shape_square\" data-animation=\"animated fadeInLeft normal\"><img decoding=\"async\" src=\"https:\/\/limetree.gt\/wp-content\/uploads\/2020\/09\/1-9-1.jpg\" alt=\"\" \/><\/figure>[vc_empty_space height=\u00a0\u00bb7.3em\u00a0\u00bb][\/vc_column][\/vc_row][vc_row][vc_column][vc_empty_space height=\u00a0\u00bb7.4em\u00a0\u00bb][\/vc_column][\/vc_row][vc_row][vc_column]<div class=\"11 sc_section\"><div class=\"sc_section_inner\"><h2 class=\"sc_section_title sc_item_title\">Visi\u00f3n<\/h2><div class=\"sc_section_descr sc_item_descr\">Nuestro expectativa para el futuro<\/div><div class=\"sc_section_content_wrap\">[vc_column_text]<\/p>\n<h3 style=\"text-align: center\">Se positionner sur le march\u00e9 guat\u00e9malt\u00e8que en tant qu&rsquo;agent de soutien pour les parents, les enseignants et les professionnels du domaine, en termes de mod\u00e8les alternatifs d&rsquo;\u00e9ducation et d&rsquo;apprentissage ludique pour les enfants.<span class=\"Apple-converted-space\"> <\/span><\/h3>\n<p>[\/vc_column_text]<div class=\"columns_wrap sc_columns columns_nofluid sc_columns_count_3\" style=\"margin-top:3.1em;\"><div class=\"column-1_3 sc_column_item sc_column_item_1 odd first\"><figure class=\"sc_image  sc_image_shape_square\" data-animation=\"animated fadeInLeft normal\"><img decoding=\"async\" src=\"https:\/\/limetree.gt\/wp-content\/uploads\/2020\/09\/1-10.png\" alt=\"\" \/><\/figure><\/div><div class=\"column-1_3 sc_column_item sc_column_item_2 even\"><figure class=\"sc_image  sc_image_shape_square\" data-animation=\"animated fadeIn normal\"><img decoding=\"async\" src=\"https:\/\/limetree.gt\/wp-content\/uploads\/2020\/09\/1-1-1.png\" alt=\"\" \/><\/figure><\/div><div class=\"column-1_3 sc_column_item sc_column_item_3 odd\"><figure class=\"sc_image  sc_image_shape_square\" data-animation=\"animated fadeInRight normal\"><img decoding=\"async\" src=\"https:\/\/limetree.gt\/wp-content\/uploads\/2020\/09\/1-11.png\" alt=\"\" \/><\/figure><\/div><\/div><\/div><\/div><\/div>[vc_empty_space height=\u00a0\u00bb7.7em\u00a0\u00bb][\/vc_column][\/vc_row]<\/p>\n<\/div>","protected":false},"excerpt":{"rendered":"<p>[vc_row full_width=\u00a0\u00bbstretch_row\u00a0\u00bb css=\u00a0\u00bb.vc_custom_1462351779489{background-color: #ffffff !important;}\u00a0\u00bb][vc_column][vc_empty_space height=\u00a0\u00bb7.4em\u00a0\u00bb][vc_empty_space height=\u00a0\u00bb3em\u00a0\u00bb][vc_empty_space height=\u00a0\u00bb7.3em\u00a0\u00bb][\/vc_column][\/vc_row][vc_row][vc_column][vc_empty_space height=\u00a0\u00bb7.4em\u00a0\u00bb][\/vc_column][\/vc_row][vc_row][vc_column][vc_empty_space height=\u00a0\u00bb7.7em\u00a0\u00bb][\/vc_column][\/vc_row]<\/p>\n","protected":false},"author":1,"featured_media":0,"parent":0,"menu_order":0,"comment_status":"closed","ping_status":"closed","template":"","meta":{"footnotes":""},"class_list":["post-3009","page","type-page","status-publish","hentry"],"jetpack_sharing_enabled":true,"_links":{"self":[{"href":"https:\/\/limetree.gt\/fr\/wp-json\/wp\/v2\/pages\/3009","targetHints":{"allow":["GET"]}}],"collection":[{"href":"https:\/\/limetree.gt\/fr\/wp-json\/wp\/v2\/pages"}],"about":[{"href":"https:\/\/limetree.gt\/fr\/wp-json\/wp\/v2\/types\/page"}],"author":[{"embeddable":true,"href":"https:\/\/limetree.gt\/fr\/wp-json\/wp\/v2\/users\/1"}],"replies":[{"embeddable":true,"href":"https:\/\/limetree.gt\/fr\/wp-json\/wp\/v2\/comments?post=3009"}],"version-history":[{"count":4,"href":"https:\/\/limetree.gt\/fr\/wp-json\/wp\/v2\/pages\/3009\/revisions"}],"predecessor-version":[{"id":3016,"href":"https:\/\/limetree.gt\/fr\/wp-json\/wp\/v2\/pages\/3009\/revisions\/3016"}],"wp:attachment":[{"href":"https:\/\/limetree.gt\/fr\/wp-json\/wp\/v2\/media?parent=3009"}],"curies":[{"name":"wp","href":"https:\/\/api.w.org\/{rel}","templated":true}]}}