{"id":2994,"date":"2021-12-14T12:51:24","date_gmt":"2021-12-14T18:51:24","guid":{"rendered":"https:\/\/limetree.gt\/politique-de-confidentialite\/"},"modified":"2021-12-14T12:51:25","modified_gmt":"2021-12-14T18:51:25","slug":"politique-de-confidentialite","status":"publish","type":"page","link":"https:\/\/limetree.gt\/fr\/politique-de-confidentialite\/","title":{"rendered":"Politique de confidentialit\u00e9"},"content":{"rendered":"<div class=\"wpb-content-wrapper\"><p>[vc_row hide_bg_image_on_tablet=\u00a0\u00bb\u00a0\u00bb hide_bg_image_on_mobile=\u00a0\u00bb\u00a0\u00bb css=\u00a0\u00bb.vc_custom_1527690588959{background-color: #f7f8f9 !important;}\u00a0\u00bb][vc_column icons_position=\u00a0\u00bbleft\u00a0\u00bb][vc_column_text]<\/p>\n<h5><strong>1. INTRODUCTION<\/strong><\/h5>\n<p><span style=\"font-weight: 400\">LimeTree (URL du site Web&nbsp;: https:\/\/limetree.gt) appr\u00e9cie votre int\u00e9r\u00eat et votre confiance. Nous sommes une entreprise bas\u00e9e au Guatemala qui cr\u00e9e des produits pour am\u00e9liorer l&rsquo;exp\u00e9rience d&rsquo;apprentissage des enfants par le jeu. Lisez cette politique de confidentialit\u00e9, en donnant votre consentement aux deux documents afin d&rsquo;avoir la permission d&rsquo;utiliser nos services.<\/span>[\/vc_column_text][vc_empty_space height=\u00a0\u00bb4em\u00a0\u00bb alter_height=\u00a0\u00bbnone\u00a0\u00bb hide_on_desktop=\u00a0\u00bb\u00a0\u00bb hide_on_notebook=\u00a0\u00bb\u00a0\u00bb hide_on_tablet=\u00a0\u00bb\u00a0\u00bb hide_on_mobile=\u00a0\u00bb\u00a0\u00bb][\/vc_column][\/vc_row][vc_row][vc_column icons_position=\u00a0\u00bbleft\u00a0\u00bb][vc_empty_space height=\u00a0\u00bb70px\u00a0\u00bb alter_height=\u00a0\u00bbnone\u00a0\u00bb hide_on_desktop=\u00a0\u00bb\u00a0\u00bb hide_on_notebook=\u00a0\u00bb\u00a0\u00bb hide_on_tablet=\u00a0\u00bb\u00a0\u00bb hide_on_mobile=\u00a0\u00bb\u00a0\u00bb][\/vc_column][\/vc_row][vc_row hide_bg_image_on_tablet=\u00a0\u00bb\u00a0\u00bb hide_bg_image_on_mobile=\u00a0\u00bb\u00a0\u00bb css=\u00a0\u00bb.vc_custom_1527690597112{background-color: #f7f8f9 !important;}\u00a0\u00bb][vc_column icons_position=\u00a0\u00bbleft\u00a0\u00bb][vc_column_text]<\/p>\n<h5><strong>2. POLITIQUE DE CONFIDENTIALIT\u00c9<\/strong><\/h5>\n<p>Cette politique de confidentialit\u00e9 \u00e9tablit les conditions dans lesquelles LIMORD, SA utilise et prot\u00e8ge les informations fournies par ses utilisateurs lors de l&rsquo;utilisation de son site Web. La soci\u00e9t\u00e9 s&rsquo;engage sur la s\u00e9curit\u00e9 des donn\u00e9es de ses utilisateurs. Lorsque nous vous demandons de renseigner les champs d&rsquo;informations personnelles permettant de vous identifier, nous veillons \u00e0 ce qu&rsquo;elles ne soient utilis\u00e9es que conform\u00e9ment aux termes du pr\u00e9sent document. Cependant, cette politique de confidentialit\u00e9 peut changer au fil du temps ou \u00eatre mise \u00e0 jour, c&rsquo;est pourquoi nous vous recommandons et insistons sur le fait que vous examiniez continuellement cette page pour vous assurer que vous \u00eates d&rsquo;accord avec ces modifications.<\/p>\n<h6><strong>2.1 &#8211; INFORMATIONS COLLECT\u00c9ES<\/strong><\/h6>\n<p>Notre site Web peut collecter des informations personnelles telles que: Nom, informations de contact telles que votre adresse e-mail et informations d\u00e9mographiques. De m\u00eame, lorsque cela est n\u00e9cessaire, des informations sp\u00e9cifiques peuvent \u00eatre n\u00e9cessaires pour traiter une commande ou effectuer une livraison ou une facturation.<\/p>\n<h6><strong>2.2 &#8211; UTILISATION DES INFORMATIONS COLLECT\u00c9ES<\/strong><\/h6>\n<p>Notre site Web utilise les informations afin de fournir le meilleur service possible, notamment pour maintenir un registre d&rsquo;utilisateurs, des commandes, le cas \u00e9ch\u00e9ant, et pour am\u00e9liorer nos produits et services. Es posible que sean enviados correos electr\u00f3nicos peri\u00f3dicamente a trav\u00e9s de nuestro sitio con ofertas especiales, nuevos productos y otra informaci\u00f3n publicitaria que consideremos relevante para usted o que pueda brindarle alg\u00fan beneficio, estos correos electr\u00f3nicos ser\u00e1n enviados a la direcci\u00f3n que usted proporcione y podr\u00e1n ser cancelados \u00e0 n&rsquo;importe quel moment.<\/p>\n<p>LIMORD, SA s&rsquo;engage fortement \u00e0 respecter l&rsquo;engagement de prot\u00e9ger vos informations. Nous utilisons les syst\u00e8mes les plus avanc\u00e9s et les mettons constamment \u00e0 jour pour garantir qu&rsquo;il n&rsquo;y a pas d&rsquo;acc\u00e8s non autoris\u00e9.<\/p>\n<h6><strong>2.3 &#8211; COOKIES<\/strong><\/h6>\n<p>Un cookie fait r\u00e9f\u00e9rence \u00e0 un fichier qui est envoy\u00e9 afin de demander l&rsquo;autorisation d&rsquo;\u00eatre stock\u00e9 sur votre ordinateur, en acceptant ledit fichier, il est cr\u00e9\u00e9 et le cookie sert alors \u00e0 avoir des informations concernant le trafic Web, et facilite \u00e9galement les visites futures sur un site Web r\u00e9current. Une autre fonction des cookies est qu&rsquo;avec eux, le Web peut vous reconna\u00eetre individuellement et ainsi vous fournir le meilleur service personnalis\u00e9 sur votre site Web.<\/p>\n<p>Notre site Web utilise des cookies pour pouvoir identifier les pages visit\u00e9es et leur fr\u00e9quence. Ces informations sont utilis\u00e9es uniquement \u00e0 des fins d&rsquo;analyse statistique, puis les informations sont d\u00e9finitivement supprim\u00e9es. Vous pouvez \u00e0 tout moment supprimer les cookies de votre ordinateur. Cependant, les cookies aident \u00e0 fournir un meilleur service sur les sites Web, vous ne donnez pas acc\u00e8s aux informations de votre ordinateur ou de vous-m\u00eame, \u00e0 moins que vous ne le souhaitiez et que vous les fournissiez directement. Vous pouvez accepter ou refuser l&rsquo;utilisation de cookies, mais la plupart des navigateurs acceptent automatiquement les cookies car cela permet d&rsquo;avoir un meilleur service Web. Vous pouvez \u00e9galement modifier les param\u00e8tres de votre ordinateur pour refuser les cookies. S&rsquo;ils sont refus\u00e9s, vous ne pourrez peut-\u00eatre pas utiliser certains de nos services.<\/p>\n<h6>COOKIES OBLIGATOIRES (TOUS LES VISITEURS DU SITE)<\/h6>\n<p>cfduid &#8211; Utilis\u00e9 pour notre CDN CloudFlare pour identifier les clients individuels derri\u00e8re une adresse IP partag\u00e9e et appliquer les param\u00e8tres de s\u00e9curit\u00e9 par client. Pour plus d&rsquo;informations sur la confidentialit\u00e9, cliquez ici&nbsp;:&nbsp;Politique de confidentialit\u00e9 de CloudFlare.<br \/>\nPHPSESSID : Pour identifier votre session unique sur le site.<\/p>\n<h6>COOKIES N\u00c9CESSAIRES (ADDITIONNELS POUR LES CLIENTS D\u00c9BUT\u00c9S)<\/h6>\n<p>wp-auth &#8211; Utilis\u00e9 par WordPress pour authentifier les visiteurs enregistr\u00e9s, l&rsquo;authentification par mot de passe et la v\u00e9rification de l&rsquo;utilisateur.<br \/>\nwordpress_logged_in_{hash} &#8211; Utilis\u00e9 par WordPress pour authentifier les visiteurs enregistr\u00e9s, l&rsquo;authentification par mot de passe et la v\u00e9rification de l&rsquo;utilisateur.<br \/>\nwordpress_test_cookie Utilis\u00e9 par WordPress pour s&rsquo;assurer que les cookies fonctionnent correctement.<br \/>\nwp-param\u00e8tres-[UID] : WordPress d\u00e9finit certains wp-settings- cookies[UID] . Le num\u00e9ro \u00e0 la fin est votre ID utilisateur individuel de la table de la base de donn\u00e9es des utilisateurs. Ceci est utilis\u00e9 pour personnaliser votre vue de l&rsquo;interface d&rsquo;administration et \u00e9ventuellement de l&rsquo;interface principale du site.<br \/>\nwp-param\u00e8tres-[UID] : WordPress d\u00e9finit \u00e9galement certains cookies de wp-settings-{time} -[UID] . Le num\u00e9ro \u00e0 la fin est votre ID utilisateur individuel de la table de la base de donn\u00e9es des utilisateurs. Ceci est utilis\u00e9 pour personnaliser votre vue de l&rsquo;interface d&rsquo;administration et \u00e9ventuellement de l&rsquo;interface principale du site.<\/p>\n<h6><strong>2.4 &#8211; LIENS VERS DES TIERS<\/strong><\/h6>\n<p>Ce site Web peut contenir des liens vers d&rsquo;autres sites susceptibles de vous int\u00e9resser. Une fois que vous avez cliqu\u00e9 sur ces liens et quitt\u00e9 notre page, nous n&rsquo;avons plus le contr\u00f4le du site vers lequel vous \u00eates redirig\u00e9 et nous ne sommes donc pas responsables des conditions ou de la confidentialit\u00e9 ou de la protection de vos donn\u00e9es sur ces autres sites tiers. Ces sites sont soumis \u00e0 leurs propres politiques de confidentialit\u00e9, il est donc recommand\u00e9 de les consulter pour confirmer que vous les acceptez.<\/p>\n<h6><strong>2.5 &#8211; CONTRLE DE VOS INFORMATIONS PERSONNELLES<\/strong><\/h6>\n<p>\u00c0 tout moment, vous pouvez restreindre la collecte ou l&rsquo;utilisation des informations personnelles fournies sur notre site Web. Chaque fois qu&rsquo;il vous est demand\u00e9 de remplir un formulaire, comme l&rsquo;inscription d&rsquo;un utilisateur, vous pouvez cocher ou d\u00e9cocher l&rsquo;option pour recevoir des informations par e-mail. Si vous avez coch\u00e9 l&rsquo;option de recevoir notre newsletter ou de la publicit\u00e9, vous pouvez l&rsquo;annuler \u00e0 tout moment.<\/p>\n<p>Cette soci\u00e9t\u00e9 ne vendra, c\u00e9dera ou distribuera pas les informations personnelles collect\u00e9es sans votre consentement, sauf si requis par un juge avec une ordonnance du tribunal. LIMORD, SA se r\u00e9serve le droit de modifier les termes de cette politique de confidentialit\u00e9 \u00e0 tout moment.[\/vc_column_text][vc_empty_space height=\u00a0\u00bb4em\u00a0\u00bb alter_height=\u00a0\u00bbnone\u00a0\u00bb hide_on_desktop=\u00a0\u00bb\u00a0\u00bb hide_on_notebook=\u00a0\u00bb\u00a0\u00bb hide_on_tablet=\u00a0\u00bb\u00a0\u00bb hide_on_mobile=\u00a0\u00bb\u00a0\u00bb][\/vc_column][\/vc_row]<\/p>\n<\/div>","protected":false},"excerpt":{"rendered":"<p>[vc_row hide_bg_image_on_tablet=\u00a0\u00bb\u00a0\u00bb hide_bg_image_on_mobile=\u00a0\u00bb\u00a0\u00bb css=\u00a0\u00bb.vc_custom_1527690588959{background-color: #f7f8f9 !important;}\u00a0\u00bb][vc_column icons_position=\u00a0\u00bbleft\u00a0\u00bb][vc_column_text] 1. INTRODUCTION LimeTree (URL du site Web&nbsp;: https:\/\/limetree.gt) appr\u00e9cie votre int\u00e9r\u00eat et votre confiance. Nous sommes une entreprise bas\u00e9e au Guatemala qui cr\u00e9e des produits pour am\u00e9liorer l&rsquo;exp\u00e9rience d&rsquo;apprentissage des enfants par le jeu. Lisez cette politique de confidentialit\u00e9, en donnant votre consentement aux deux documents afin d&rsquo;avoir [&hellip;]<\/p>\n","protected":false},"author":1,"featured_media":0,"parent":0,"menu_order":0,"comment_status":"closed","ping_status":"closed","template":"","meta":{"footnotes":""},"class_list":["post-2994","page","type-page","status-publish","hentry"],"jetpack_sharing_enabled":true,"_links":{"self":[{"href":"https:\/\/limetree.gt\/fr\/wp-json\/wp\/v2\/pages\/2994","targetHints":{"allow":["GET"]}}],"collection":[{"href":"https:\/\/limetree.gt\/fr\/wp-json\/wp\/v2\/pages"}],"about":[{"href":"https:\/\/limetree.gt\/fr\/wp-json\/wp\/v2\/types\/page"}],"author":[{"embeddable":true,"href":"https:\/\/limetree.gt\/fr\/wp-json\/wp\/v2\/users\/1"}],"replies":[{"embeddable":true,"href":"https:\/\/limetree.gt\/fr\/wp-json\/wp\/v2\/comments?post=2994"}],"version-history":[{"count":4,"href":"https:\/\/limetree.gt\/fr\/wp-json\/wp\/v2\/pages\/2994\/revisions"}],"predecessor-version":[{"id":2998,"href":"https:\/\/limetree.gt\/fr\/wp-json\/wp\/v2\/pages\/2994\/revisions\/2998"}],"wp:attachment":[{"href":"https:\/\/limetree.gt\/fr\/wp-json\/wp\/v2\/media?parent=2994"}],"curies":[{"name":"wp","href":"https:\/\/api.w.org\/{rel}","templated":true}]}}